{"id":218,"date":"2016-02-05T04:02:23","date_gmt":"2016-02-05T04:02:23","guid":{"rendered":"http:\/\/charitywp.thimpress.com\/charitywp-2\/charitywp-2\/?page_id=218"},"modified":"2016-02-05T04:02:23","modified_gmt":"2016-02-05T04:02:23","slug":"voluntario","status":"publish","type":"page","link":"http:\/\/5.189.177.133\/index.php\/voluntario\/","title":{"rendered":"Seja um Volunt\u00e1rio"},"content":{"rendered":"<p><!DOCTYPE html><br \/>\n<html lang=\"pt-BR\"><br \/>\n<head><br \/>\n    <meta charset=\"UTF-8\"><br \/>\n    <meta name=\"viewport\" content=\"width=device-width, initial-scale=1.0\"><br \/>\n    <title>Seja um Volunt\u00e1rio &#8211; Saravida<\/title><\/p>\n<style>\n        * {\n            margin: 0;\n            padding: 0;\n            box-sizing: border-box;\n        }\n        body {\n            font-family: 'Segoe UI', Tahoma, Geneva, Verdana, sans-serif;\n            line-height: 1.6;\n            color: #333;\n            background-color: #fafafa;\n        }\n        .container {\n            max-width: 1200px;\n            margin: 0 auto;\n            padding: 0 20px;\n        }\n        .hero-section {\n            background: linear-gradient(135deg, rgba(255,255,255,0.95), rgba(245,245,245,0.95)), url('\/home\/ubuntu\/upload\/search_images\/VK9RjhCSnGov.jpg');\n            background-size: cover;\n            background-position: center;\n            background-attachment: fixed;\n            min-height: 100vh;\n            display: flex;\n            align-items: center;\n            position: relative;\n        }\n        .hero-content {\n            display: grid;\n            grid-template-columns: 1fr 1fr;\n            gap: 60px;\n            align-items: center;\n            width: 100%;\n        }\n        .hero-text {\n            padding: 40px 0;\n        }\n        .hero-text h1 {\n            font-size: 3.5rem;\n            font-weight: 300;\n            margin-bottom: 20px;\n            color: #2c3e50;\n            line-height: 1.2;\n        }\n        .hero-text .subtitle {\n            font-size: 1.5rem;\n            color: #7f8c8d;\n            margin-bottom: 40px;\n            font-weight: 300;\n        }\n        .hero-text p {\n            font-size: 1.1rem;\n            margin-bottom: 20px;\n            color: #555;\n            text-align: justify;\n        }\n        .quote {\n            background: #f8f9fa;\n            border-left: 4px solid #3498db;\n            padding: 20px;\n            margin: 30px 0;\n            font-style: italic;\n            color: #555;\n            border-radius: 0 8px 8px 0;\n        }\n        .contact-info {\n            margin-top: 30px;\n        }\n        .contact-item {\n            display: flex;\n            align-items: center;\n            margin-bottom: 15px;\n            font-size: 1.1rem;\n        }\n        .contact-item i {\n            margin-right: 10px;\n            color: #3498db;\n            width: 20px;\n        }\n        .contact-item a {\n            color: #555;\n            text-decoration: none;\n            transition: color 0.3s ease;\n        }\n        .contact-item a:hover {\n            color: #3498db;\n        }\n        .form-section {\n            background: #fff;\n            border-radius: 12px;\n            padding: 40px;\n            box-shadow: 0 10px 30px rgba(0,0,0,0.1);\n            position: relative;\n            overflow: hidden;\n        }\n        .form-section::before {\n            content: '';\n            position: absolute;\n            top: 0;\n            left: 0;\n            right: 0;\n            height: 4px;\n            background: linear-gradient(90deg, #3498db, #2ecc71);\n        }\n        .form-section h2 {\n            font-size: 2rem;\n            margin-bottom: 10px;\n            color: #2c3e50;\n            font-weight: 300;\n        }\n        .form-section .form-subtitle {\n            color: #7f8c8d;\n            margin-bottom: 30px;\n            font-size: 1.1rem;\n        }\n        .form-group {\n            margin-bottom: 25px;\n        }\n        .form-row {\n            display: grid;\n            grid-template-columns: 1fr 1fr;\n            gap: 20px;\n        }\n        label {\n            display: block;\n            margin-bottom: 8px;\n            font-weight: 500;\n            color: #555;\n        }\n        input[type=\"text\"],\n        input[type=\"email\"],\n        input[type=\"tel\"],\n        select {\n            width: 100%;\n            padding: 12px 16px;\n            border: 2px solid #e1e8ed;\n            border-radius: 8px;\n            font-size: 1rem;\n            transition: all 0.3s ease;\n            background: #fff;\n        }\n        input[type=\"text\"]:focus,\n        input[type=\"email\"]:focus,\n        input[type=\"tel\"]:focus,\n        select:focus {\n            outline: none;\n            border-color: #3498db;\n            box-shadow: 0 0 0 3px rgba(52, 152, 219, 0.1);\n        }\n        .captcha-section {\n            display: flex;\n            align-items: center;\n            gap: 15px;\n            margin-top: 10px;\n        }\n        .captcha-input {\n            flex: 1;\n        }\n        .captcha-image {\n            border-radius: 4px;\n            border: 1px solid #ddd;\n        }\n        .submit-btn {\n            background: linear-gradient(135deg, #3498db, #2ecc71);\n            color: white;\n            padding: 15px 40px;\n            border: none;\n            border-radius: 50px;\n            font-size: 1.1rem;\n            font-weight: 500;\n            cursor: pointer;\n            transition: all 0.3s ease;\n            width: 100%;\n            margin-top: 20px;\n        }\n        .submit-btn:hover {\n            transform: translateY(-2px);\n            box-shadow: 0 8px 25px rgba(52, 152, 219, 0.3);\n        }\n        .divider {\n            height: 1px;\n            background: linear-gradient(90deg, transparent, #ddd, transparent);\n            margin: 30px 0;\n        }\n        @media (max-width: 768px) {\n            .hero-content {\n                grid-template-columns: 1fr;\n                gap: 40px;\n            }\n            .hero-text h1 {\n                font-size: 2.5rem;\n            }\n            .hero-text .subtitle {\n                font-size: 1.2rem;\n            }\n            .form-section {\n                padding: 30px 20px;\n            }\n            .form-row {\n                grid-template-columns: 1fr;\n                gap: 15px;\n            }\n            .captcha-section {\n                flex-direction: column;\n                align-items: stretch;\n            }\n        }\n        \/* Anima\u00e7\u00f5es suaves *\/\n        .hero-text, .form-section {\n            animation: fadeInUp 0.8s ease-out;\n        }\n        @keyframes fadeInUp {\n            from {\n                opacity: 0;\n                transform: translateY(30px);\n            }\n            to {\n                opacity: 1;\n                transform: translateY(0);\n            }\n        }\n        \/* \u00cdcones usando Unicode *\/\n        .icon-phone::before { content: \"\ud83d\udcde \"; }\n        .icon-email::before { content: \"\u2709\ufe0f \"; }\n    <\/style>\n<p><\/head><br \/>\n<body><\/p>\n<section>\n<h1>Se a vontade de mudar o mundo est\u00e1 dentro de voc\u00ea<\/h1>\n<p>Aqui \u00e9 seu lugar<\/p>\n<p>O trabalho volunt\u00e1rio gera uma realiza\u00e7\u00e3o pessoal, um bem estar interior originado do prazer de servir a quem precisa. \u00c9 um sentimento de solidariedade e amor ao pr\u00f3ximo aliado com a import\u00e2ncia de sentir-se socialmente \u00fatil. A principal motiva\u00e7\u00e3o de um volunt\u00e1rio \u00e9 a satisfa\u00e7\u00e3o.<\/p>\n<p>\u00c9 algo que vem de dentro da gente e faz bem aos outros. No voluntariado todos ganham. Ao doar sua energia e criatividade ganha em troca contato humano, conviv\u00eancia com outras pessoas, oportunidade de aprender coisas novas, satisfa\u00e7\u00e3o de se sentir \u00fatil.<\/p>\n<p>Voluntariado \u00e9 um ato de amor que vem do cora\u00e7\u00e3o.<\/p>\n<p>Se deseja ser um volunt\u00e1rio da Saravida &#8220;vista essa camisa&#8221; preencha o formul\u00e1rio e aguarde o nosso contato.<\/p>\n<p>                        &#8220;Volunt\u00e1rio \u00e9 o cidad\u00e3o que, motivado pelos valores de participa\u00e7\u00e3o e solidariedade, doa seu tempo, trabalho e talento, de maneira espont\u00e2nea e n\u00e3o remunerada, para causas de interesse social e comunit\u00e1rio&#8221;<br \/>\n                            <a href=\"tel:+5581322227288\">+55 (81) 3222-2728<\/a><br \/>\n                            <a href=\"mailto:contato@saravida.org.br\">contato@saravida.org.br<\/a><\/p>\n<h2>Quer ser um volunt\u00e1rio?<\/h2>\n<p>Preencha o formul\u00e1rio abaixo<\/p>\n<form action=\"\/wp-admin\/post.php#wpcf7-f5252-o2\" method=\"post\" novalidate=\"novalidate\">\n                        <!-- Campos ocultos do WordPress --><br \/>\n                            <input name=\"_wpcf7\" type=\"hidden\" value=\"5252\" \/><br \/>\n                            <input name=\"_wpcf7_version\" type=\"hidden\" value=\"5.0.5\" \/><br \/>\n                            <input name=\"_wpcf7_locale\" type=\"hidden\" value=\"en_US\" \/><br \/>\n                            <input name=\"_wpcf7_unit_tag\" type=\"hidden\" value=\"wpcf7-f5252-o2\" \/><br \/>\n                            <input name=\"_wpcf7_container_post\" type=\"hidden\" value=\"0\" \/><br \/>\n                            <label for=\"your-name\">Nome *<\/label><br \/>\n                            <input \n                                   name=\"your-name\" id=\"your-name\" type=\"text\" \n                                   aria-required=\"true\" aria-invalid=\"false\" required \/><br \/>\n                            <label for=\"your-email\">Email *<\/label><br \/>\n                            <input \n                                   name=\"your-email\" id=\"your-email\" type=\"email\" \n                                   aria-required=\"true\" aria-invalid=\"false\" required \/><br \/>\n                            <label for=\"your-phone\">Celular *<\/label><br \/>\n                            <input \n                                   name=\"your-phone\" id=\"your-phone\" type=\"tel\" \n                                   aria-required=\"true\" aria-invalid=\"false\" required \/><br \/>\n                            <label for=\"your-address\">Endere\u00e7o *<\/label><br \/>\n                            <input \n                                   name=\"your-address\" id=\"your-address\" type=\"text\" \n                                   aria-required=\"true\" aria-invalid=\"false\" required \/><br \/>\n                                <label for=\"your-city\">Cidade<\/label><br \/>\n                                <input \n                                       name=\"your-city\" id=\"your-city\" type=\"text\" \n                                       aria-invalid=\"false\" \/><br \/>\n                                <label for=\"estado\">Estado<\/label><br \/>\n                                <select name=\"estado\" id=\"estado\" aria-invalid=\"false\"><option value=\"Pernambuco\">Pernambuco<\/option><option value=\"Acre\">Acre<\/option><option value=\"Alagoas\">Alagoas<\/option><option value=\"Amap\u00e1\">Amap\u00e1<\/option><option value=\"Amazonas\">Amazonas<\/option><option value=\"Bahia\">Bahia<\/option><option value=\"Cear\u00e1\">Cear\u00e1<\/option><option value=\"Distrito Federal\">Distrito Federal<\/option><option value=\"Esp\u00edrito Santo\">Esp\u00edrito Santo<\/option><option value=\"Goi\u00e1s\">Goi\u00e1s<\/option><option value=\"Maranh\u00e3o\">Maranh\u00e3o<\/option><option value=\"Mato Grosso\">Mato Grosso<\/option><option value=\"Mato Grosso do Sul\">Mato Grosso do Sul<\/option><option value=\"Minas Gerais\">Minas Gerais<\/option><option value=\"Par\u00e1\">Par\u00e1<\/option><option value=\"Para\u00edba\">Para\u00edba<\/option><option value=\"Paran\u00e1\">Paran\u00e1<\/option><option value=\"Piau\u00ed\">Piau\u00ed<\/option><option value=\"Rio de Janeiro\">Rio de Janeiro<\/option><option value=\"Rio Grande do Norte\">Rio Grande do Norte<\/option><option value=\"Rio Grande do Sul\">Rio Grande do Sul<\/option><option value=\"Rond\u00f4nia\">Rond\u00f4nia<\/option><option value=\"Roraima\">Roraima<\/option><option value=\"Santa Catarina\">Santa Catarina<\/option><option value=\"S\u00e3o Paulo\">S\u00e3o Paulo<\/option><option value=\"Sergipe\">Sergipe<\/option><option value=\"Tocantins\">Tocantins<\/option><\/select><br \/>\n                            <label for=\"your-zipcode\">CEP<\/label><br \/>\n                            <input \n                                   name=\"your-zipcode\" id=\"your-zipcode\" type=\"text\" \n                                   aria-invalid=\"false\" \/><br \/>\n                            <label for=\"captcha-1\">N\u00e3o sou um rob\u00f4 *<\/label><br \/>\n                                <input \n                                       autocomplete=\"off\" name=\"captcha-1\" id=\"captcha-1\" type=\"text\" \n                                       placeholder=\"Insira o c\u00f3digo\" aria-invalid=\"false\" required \/><br \/>\n                                <input name=\"_wpcf7_captcha_challenge_captcha-1\" type=\"hidden\" value=\"3663724457\" \/><br \/>\n                                <img loading=\"lazy\" decoding=\"async\" \n                                     src=\"http:\/\/saravida.org.br\/wp-content\/uploads\/wpcf7_captcha\/3663724457.png\" \n                                     alt=\"captcha\" width=\"72\" height=\"24\" \/><br \/>\n                        <button type=\"submit\"><br \/>\n                            Enviar<br \/>\n                        <\/button><br \/>\n                    <\/form>\n<\/section>\n<p><\/body><br \/>\n<\/html><\/p>\n","protected":false},"excerpt":{"rendered":"<p>Seja um Volunt\u00e1rio &#8211; Saravida Se a vontade de mudar o mundo est\u00e1 dentro de voc\u00ea Aqui \u00e9 seu lugar O trabalho volunt\u00e1rio gera uma realiza\u00e7\u00e3o pessoal, um bem estar interior originado do prazer de servir a quem precisa. \u00c9 um sentimento de solidariedade e amor ao pr\u00f3ximo aliado com a import\u00e2ncia de sentir-se socialmente<a href=\"http:\/\/5.189.177.133\/index.php\/voluntario\/\" class=\"read-more\">Read More &#8230;<\/a><\/p>\n","protected":false},"author":1,"featured_media":0,"parent":0,"menu_order":0,"comment_status":"closed","ping_status":"closed","template":"","meta":{"_kadence_starter_templates_imported_post":false,"footnotes":""},"class_list":["post-218","page","type-page","status-publish","hentry"],"_links":{"self":[{"href":"http:\/\/5.189.177.133\/index.php\/wp-json\/wp\/v2\/pages\/218","targetHints":{"allow":["GET"]}}],"collection":[{"href":"http:\/\/5.189.177.133\/index.php\/wp-json\/wp\/v2\/pages"}],"about":[{"href":"http:\/\/5.189.177.133\/index.php\/wp-json\/wp\/v2\/types\/page"}],"author":[{"embeddable":true,"href":"http:\/\/5.189.177.133\/index.php\/wp-json\/wp\/v2\/users\/1"}],"replies":[{"embeddable":true,"href":"http:\/\/5.189.177.133\/index.php\/wp-json\/wp\/v2\/comments?post=218"}],"version-history":[{"count":0,"href":"http:\/\/5.189.177.133\/index.php\/wp-json\/wp\/v2\/pages\/218\/revisions"}],"wp:attachment":[{"href":"http:\/\/5.189.177.133\/index.php\/wp-json\/wp\/v2\/media?parent=218"}],"curies":[{"name":"wp","href":"https:\/\/api.w.org\/{rel}","templated":true}]}}