{"id":234,"date":"2014-06-04T19:36:05","date_gmt":"2014-06-04T19:36:05","guid":{"rendered":"http:\/\/saravida.org.br\/portal\/?page_id=234"},"modified":"2014-06-04T19:36:05","modified_gmt":"2014-06-04T19:36:05","slug":"vitoria-de-santo-antao","status":"publish","type":"page","link":"http:\/\/5.189.177.133\/index.php\/unidades-de-atendimento\/vitoria-de-santo-antao\/","title":{"rendered":"Vit\u00f3ria &#8211; Unid. Masculina"},"content":{"rendered":"<h2>Estrutura<\/h2>\n<p>Leitos: 33<\/p>\n<p>\u00c1rea total: 1 H\u00e9ctares e meio<\/p>\n<p>Dormit\u00f3rios: 05<\/p>\n<p>&nbsp;<\/p>\n<p>Pomar |\u00a0Riacho |\u00a0Jardim | Igreja | Canil | Som ambiente em toda \u00e1rea| Refeit\u00f3rio | Cozinha industrial | Escrit\u00f3rio | Oficina de trabalhos manuais| Sala Multim\u00eddia| Lavanderia: Tem | 02 Banheiros e 01 Vesti\u00e1rio | Churrasqueira.<\/p>\n<p>&nbsp;<\/p>\n<h2>Equipe t\u00e9cnica<\/h2>\n<p>Coordenador, Psicologo(a), Assistente Social, T\u00e9cnicos.<\/p>\n<p>&nbsp;<\/p>\n<h2>Galeria de Fotos<\/h2>\n\n\t\t<style type=\"text\/css\">\n\t\t\t#gallery-1 {\n\t\t\t\tmargin: auto;\n\t\t\t}\n\t\t\t#gallery-1 .gallery-item {\n\t\t\t\tfloat: left;\n\t\t\t\tmargin-top: 10px;\n\t\t\t\ttext-align: center;\n\t\t\t\twidth: 33%;\n\t\t\t}\n\t\t\t#gallery-1 img {\n\t\t\t\tborder: 2px solid #cfcfcf;\n\t\t\t}\n\t\t\t#gallery-1 .gallery-caption {\n\t\t\t\tmargin-left: 0;\n\t\t\t}\n\t\t\t\/* see gallery_shortcode() in wp-includes\/media.php *\/\n\t\t<\/style>\n\t\t<div id='gallery-1' class='gallery galleryid-234 gallery-columns-3 gallery-size-thumbnail'><dl class='gallery-item'>\n\t\t\t<dt class='gallery-icon landscape'>\n\t\t\t\t<a href='http:\/\/5.189.177.133\/wp-content\/uploads\/2014\/09\/vitoria-1.jpg'><img loading=\"lazy\" decoding=\"async\" width=\"150\" height=\"150\" src=\"http:\/\/5.189.177.133\/wp-content\/uploads\/2014\/09\/vitoria-1-150x150.jpg\" class=\"attachment-thumbnail size-thumbnail\" alt=\"\" \/><\/a>\n\t\t\t<\/dt><\/dl><dl class='gallery-item'>\n\t\t\t<dt class='gallery-icon landscape'>\n\t\t\t\t<a href='http:\/\/5.189.177.133\/wp-content\/uploads\/2014\/09\/IMG_5466-1-scaled-1.jpg'><img loading=\"lazy\" decoding=\"async\" width=\"150\" height=\"150\" src=\"http:\/\/5.189.177.133\/wp-content\/uploads\/2014\/09\/IMG_5466-1-scaled-1-150x150.jpg\" class=\"attachment-thumbnail size-thumbnail\" alt=\"\" \/><\/a>\n\t\t\t<\/dt><\/dl><dl class='gallery-item'>\n\t\t\t<dt class='gallery-icon landscape'>\n\t\t\t\t<a href='http:\/\/5.189.177.133\/wp-content\/uploads\/2014\/09\/IMG_5397-1-scaled-1.jpg'><img loading=\"lazy\" decoding=\"async\" width=\"150\" height=\"150\" src=\"http:\/\/5.189.177.133\/wp-content\/uploads\/2014\/09\/IMG_5397-1-scaled-1-150x150.jpg\" class=\"attachment-thumbnail size-thumbnail\" alt=\"\" \/><\/a>\n\t\t\t<\/dt><\/dl><br style=\"clear: both\" \/><dl class='gallery-item'>\n\t\t\t<dt class='gallery-icon landscape'>\n\t\t\t\t<a href='http:\/\/5.189.177.133\/wp-content\/uploads\/2014\/09\/IMG_5379-1.jpg'><img loading=\"lazy\" decoding=\"async\" width=\"150\" height=\"150\" src=\"http:\/\/5.189.177.133\/wp-content\/uploads\/2014\/09\/IMG_5379-1-150x150.jpg\" class=\"attachment-thumbnail size-thumbnail\" alt=\"\" \/><\/a>\n\t\t\t<\/dt><\/dl><dl class='gallery-item'>\n\t\t\t<dt class='gallery-icon landscape'>\n\t\t\t\t<a href='http:\/\/5.189.177.133\/wp-content\/uploads\/2014\/09\/IMG_5355-1-scaled-1.jpg'><img loading=\"lazy\" decoding=\"async\" width=\"150\" height=\"150\" src=\"http:\/\/5.189.177.133\/wp-content\/uploads\/2014\/09\/IMG_5355-1-scaled-1-150x150.jpg\" class=\"attachment-thumbnail size-thumbnail\" alt=\"\" \/><\/a>\n\t\t\t<\/dt><\/dl><dl class='gallery-item'>\n\t\t\t<dt class='gallery-icon landscape'>\n\t\t\t\t<a href='http:\/\/5.189.177.133\/wp-content\/uploads\/2014\/09\/IMG_5343-1-scaled-1.jpg'><img loading=\"lazy\" decoding=\"async\" width=\"150\" height=\"150\" src=\"http:\/\/5.189.177.133\/wp-content\/uploads\/2014\/09\/IMG_5343-1-scaled-1-150x150.jpg\" class=\"attachment-thumbnail size-thumbnail\" alt=\"\" \/><\/a>\n\t\t\t<\/dt><\/dl><br style=\"clear: both\" \/><dl class='gallery-item'>\n\t\t\t<dt class='gallery-icon landscape'>\n\t\t\t\t<a href='http:\/\/5.189.177.133\/wp-content\/uploads\/2014\/09\/IMG_5280-1.jpg'><img loading=\"lazy\" decoding=\"async\" width=\"150\" height=\"150\" src=\"http:\/\/5.189.177.133\/wp-content\/uploads\/2014\/09\/IMG_5280-1-150x150.jpg\" class=\"attachment-thumbnail size-thumbnail\" alt=\"\" \/><\/a>\n\t\t\t<\/dt><\/dl><dl class='gallery-item'>\n\t\t\t<dt class='gallery-icon landscape'>\n\t\t\t\t<a href='http:\/\/5.189.177.133\/wp-content\/uploads\/2014\/09\/IMG_5255-1-scaled-1.jpg'><img loading=\"lazy\" decoding=\"async\" width=\"150\" height=\"150\" src=\"http:\/\/5.189.177.133\/wp-content\/uploads\/2014\/09\/IMG_5255-1-scaled-1-150x150.jpg\" class=\"attachment-thumbnail size-thumbnail\" alt=\"\" \/><\/a>\n\t\t\t<\/dt><\/dl><dl class='gallery-item'>\n\t\t\t<dt class='gallery-icon landscape'>\n\t\t\t\t<a href='http:\/\/5.189.177.133\/wp-content\/uploads\/2014\/09\/IMG_5254-1-scaled-1.jpg'><img loading=\"lazy\" decoding=\"async\" width=\"150\" height=\"150\" src=\"http:\/\/5.189.177.133\/wp-content\/uploads\/2014\/09\/IMG_5254-1-scaled-1-150x150.jpg\" class=\"attachment-thumbnail size-thumbnail\" alt=\"\" \/><\/a>\n\t\t\t<\/dt><\/dl><br style=\"clear: both\" \/><dl class='gallery-item'>\n\t\t\t<dt class='gallery-icon landscape'>\n\t\t\t\t<a href='http:\/\/5.189.177.133\/wp-content\/uploads\/2014\/09\/IMG_5433-1-scaled-1.jpg'><img loading=\"lazy\" decoding=\"async\" width=\"150\" height=\"150\" src=\"http:\/\/5.189.177.133\/wp-content\/uploads\/2014\/09\/IMG_5433-1-scaled-1-150x150.jpg\" class=\"attachment-thumbnail size-thumbnail\" alt=\"\" \/><\/a>\n\t\t\t<\/dt><\/dl><dl class='gallery-item'>\n\t\t\t<dt class='gallery-icon landscape'>\n\t\t\t\t<a href='http:\/\/5.189.177.133\/wp-content\/uploads\/2014\/09\/IMG_5368-1-scaled-1.jpg'><img loading=\"lazy\" decoding=\"async\" width=\"150\" height=\"150\" src=\"http:\/\/5.189.177.133\/wp-content\/uploads\/2014\/09\/IMG_5368-1-scaled-1-150x150.jpg\" class=\"attachment-thumbnail size-thumbnail\" alt=\"\" \/><\/a>\n\t\t\t<\/dt><\/dl><dl class='gallery-item'>\n\t\t\t<dt class='gallery-icon landscape'>\n\t\t\t\t<a href='http:\/\/5.189.177.133\/wp-content\/uploads\/2014\/09\/IMG_5365-1-scaled-1.jpg'><img loading=\"lazy\" decoding=\"async\" width=\"150\" height=\"150\" src=\"http:\/\/5.189.177.133\/wp-content\/uploads\/2014\/09\/IMG_5365-1-scaled-1-150x150.jpg\" class=\"attachment-thumbnail size-thumbnail\" alt=\"\" \/><\/a>\n\t\t\t<\/dt><\/dl><br style=\"clear: both\" \/><dl class='gallery-item'>\n\t\t\t<dt class='gallery-icon landscape'>\n\t\t\t\t<a href='http:\/\/5.189.177.133\/wp-content\/uploads\/2014\/09\/IMG_5312-1-scaled-1.jpg'><img loading=\"lazy\" decoding=\"async\" width=\"150\" height=\"150\" src=\"http:\/\/5.189.177.133\/wp-content\/uploads\/2014\/09\/IMG_5312-1-scaled-1-150x150.jpg\" class=\"attachment-thumbnail size-thumbnail\" alt=\"\" \/><\/a>\n\t\t\t<\/dt><\/dl><dl class='gallery-item'>\n\t\t\t<dt class='gallery-icon landscape'>\n\t\t\t\t<a href='http:\/\/5.189.177.133\/wp-content\/uploads\/2014\/09\/IMG_5237-1.jpg'><img loading=\"lazy\" decoding=\"async\" width=\"150\" height=\"150\" src=\"http:\/\/5.189.177.133\/wp-content\/uploads\/2014\/09\/IMG_5237-1-150x150.jpg\" class=\"attachment-thumbnail size-thumbnail\" alt=\"\" \/><\/a>\n\t\t\t<\/dt><\/dl><dl class='gallery-item'>\n\t\t\t<dt class='gallery-icon landscape'>\n\t\t\t\t<a href='http:\/\/5.189.177.133\/wp-content\/uploads\/2014\/09\/virotia-oracao-1.jpg'><img loading=\"lazy\" decoding=\"async\" width=\"150\" height=\"150\" src=\"http:\/\/5.189.177.133\/wp-content\/uploads\/2014\/09\/virotia-oracao-1-150x150.jpg\" class=\"attachment-thumbnail size-thumbnail\" alt=\"\" \/><\/a>\n\t\t\t<\/dt><\/dl><br style=\"clear: both\" \/><dl class='gallery-item'>\n\t\t\t<dt class='gallery-icon landscape'>\n\t\t\t\t<a href='http:\/\/5.189.177.133\/wp-content\/uploads\/2014\/09\/orta-1.jpg'><img loading=\"lazy\" decoding=\"async\" width=\"150\" height=\"150\" src=\"http:\/\/5.189.177.133\/wp-content\/uploads\/2014\/09\/orta-1-150x150.jpg\" class=\"attachment-thumbnail size-thumbnail\" alt=\"\" \/><\/a>\n\t\t\t<\/dt><\/dl><dl class='gallery-item'>\n\t\t\t<dt class='gallery-icon landscape'>\n\t\t\t\t<a href='http:\/\/5.189.177.133\/wp-content\/uploads\/2014\/09\/IPAD-2112-1-scaled-1.jpg'><img loading=\"lazy\" decoding=\"async\" width=\"150\" height=\"150\" src=\"http:\/\/5.189.177.133\/wp-content\/uploads\/2014\/09\/IPAD-2112-1-scaled-1-150x150.jpg\" class=\"attachment-thumbnail size-thumbnail\" alt=\"\" \/><\/a>\n\t\t\t<\/dt><\/dl><dl class='gallery-item'>\n\t\t\t<dt class='gallery-icon landscape'>\n\t\t\t\t<a href='http:\/\/5.189.177.133\/wp-content\/uploads\/2014\/09\/IMG_5551-1-scaled-1.jpg'><img loading=\"lazy\" decoding=\"async\" width=\"150\" height=\"150\" src=\"http:\/\/5.189.177.133\/wp-content\/uploads\/2014\/09\/IMG_5551-1-scaled-1-150x150.jpg\" class=\"attachment-thumbnail size-thumbnail\" alt=\"\" \/><\/a>\n\t\t\t<\/dt><\/dl><br style=\"clear: both\" \/><dl class='gallery-item'>\n\t\t\t<dt class='gallery-icon landscape'>\n\t\t\t\t<a href='http:\/\/5.189.177.133\/wp-content\/uploads\/2014\/09\/IPAD-2097-1-scaled-1.jpg'><img loading=\"lazy\" decoding=\"async\" width=\"150\" height=\"150\" src=\"http:\/\/5.189.177.133\/wp-content\/uploads\/2014\/09\/IPAD-2097-1-scaled-1-150x150.jpg\" class=\"attachment-thumbnail size-thumbnail\" alt=\"\" \/><\/a>\n\t\t\t<\/dt><\/dl><dl class='gallery-item'>\n\t\t\t<dt class='gallery-icon landscape'>\n\t\t\t\t<a href='http:\/\/5.189.177.133\/wp-content\/uploads\/2014\/09\/IPAD-2096-1-scaled-1.jpg'><img loading=\"lazy\" decoding=\"async\" width=\"150\" height=\"150\" src=\"http:\/\/5.189.177.133\/wp-content\/uploads\/2014\/09\/IPAD-2096-1-scaled-1-150x150.jpg\" class=\"attachment-thumbnail size-thumbnail\" alt=\"\" \/><\/a>\n\t\t\t<\/dt><\/dl><dl class='gallery-item'>\n\t\t\t<dt class='gallery-icon landscape'>\n\t\t\t\t<a href='http:\/\/5.189.177.133\/wp-content\/uploads\/2014\/06\/Imagem-461-1-scaled-1.jpg'><img loading=\"lazy\" decoding=\"async\" width=\"150\" height=\"150\" src=\"http:\/\/5.189.177.133\/wp-content\/uploads\/2014\/06\/Imagem-461-1-scaled-1-150x150.jpg\" class=\"attachment-thumbnail size-thumbnail\" alt=\"\" \/><\/a>\n\t\t\t<\/dt><\/dl><br style=\"clear: both\" \/><dl class='gallery-item'>\n\t\t\t<dt class='gallery-icon landscape'>\n\t\t\t\t<a href='http:\/\/5.189.177.133\/wp-content\/uploads\/2014\/06\/CRM-058-1.jpg'><img loading=\"lazy\" decoding=\"async\" width=\"150\" height=\"150\" src=\"http:\/\/5.189.177.133\/wp-content\/uploads\/2014\/06\/CRM-058-1-150x150.jpg\" class=\"attachment-thumbnail size-thumbnail\" alt=\"\" \/><\/a>\n\t\t\t<\/dt><\/dl><dl class='gallery-item'>\n\t\t\t<dt class='gallery-icon landscape'>\n\t\t\t\t<a href='http:\/\/5.189.177.133\/wp-content\/uploads\/2014\/06\/01_Vitoria-1-1.jpg'><img loading=\"lazy\" decoding=\"async\" width=\"150\" height=\"150\" src=\"http:\/\/5.189.177.133\/wp-content\/uploads\/2014\/06\/01_Vitoria-1-1-150x150.jpg\" class=\"attachment-thumbnail size-thumbnail\" alt=\"\" \/><\/a>\n\t\t\t<\/dt><\/dl><dl class='gallery-item'>\n\t\t\t<dt class='gallery-icon landscape'>\n\t\t\t\t<a href='http:\/\/5.189.177.133\/wp-content\/uploads\/2014\/09\/08imgAcompanhamento-psicologico-Copia-1.jpg'><img loading=\"lazy\" decoding=\"async\" width=\"150\" height=\"150\" src=\"http:\/\/5.189.177.133\/wp-content\/uploads\/2014\/09\/08imgAcompanhamento-psicologico-Copia-1-150x150.jpg\" class=\"attachment-thumbnail size-thumbnail\" alt=\"\" \/><\/a>\n\t\t\t<\/dt><\/dl><br style=\"clear: both\" \/>\n\t\t<\/div>\n\n","protected":false},"excerpt":{"rendered":"<p>Estrutura Leitos: 33 \u00c1rea total: 1 H\u00e9ctares e meio Dormit\u00f3rios: 05 &nbsp; Pomar |\u00a0Riacho |\u00a0Jardim | Igreja | Canil | Som ambiente em toda \u00e1rea| Refeit\u00f3rio | Cozinha industrial | Escrit\u00f3rio | Oficina de trabalhos manuais| Sala Multim\u00eddia| Lavanderia: Tem | 02 Banheiros e 01 Vesti\u00e1rio | Churrasqueira. &nbsp; Equipe t\u00e9cnica Coordenador, Psicologo(a), Assistente Social,<a href=\"http:\/\/5.189.177.133\/index.php\/unidades-de-atendimento\/vitoria-de-santo-antao\/\" class=\"read-more\">Read More &#8230;<\/a><\/p>\n","protected":false},"author":1,"featured_media":0,"parent":232,"menu_order":0,"comment_status":"closed","ping_status":"closed","template":"","meta":{"_kadence_starter_templates_imported_post":false,"footnotes":""},"class_list":["post-234","page","type-page","status-publish","hentry"],"_links":{"self":[{"href":"http:\/\/5.189.177.133\/index.php\/wp-json\/wp\/v2\/pages\/234","targetHints":{"allow":["GET"]}}],"collection":[{"href":"http:\/\/5.189.177.133\/index.php\/wp-json\/wp\/v2\/pages"}],"about":[{"href":"http:\/\/5.189.177.133\/index.php\/wp-json\/wp\/v2\/types\/page"}],"author":[{"embeddable":true,"href":"http:\/\/5.189.177.133\/index.php\/wp-json\/wp\/v2\/users\/1"}],"replies":[{"embeddable":true,"href":"http:\/\/5.189.177.133\/index.php\/wp-json\/wp\/v2\/comments?post=234"}],"version-history":[{"count":0,"href":"http:\/\/5.189.177.133\/index.php\/wp-json\/wp\/v2\/pages\/234\/revisions"}],"up":[{"embeddable":true,"href":"http:\/\/5.189.177.133\/index.php\/wp-json\/wp\/v2\/pages\/232"}],"wp:attachment":[{"href":"http:\/\/5.189.177.133\/index.php\/wp-json\/wp\/v2\/media?parent=234"}],"curies":[{"name":"wp","href":"https:\/\/api.w.org\/{rel}","templated":true}]}}