{"id":236,"date":"2014-06-04T19:36:24","date_gmt":"2014-06-04T19:36:24","guid":{"rendered":"http:\/\/saravida.org.br\/portal\/?page_id=236"},"modified":"2014-06-04T19:36:24","modified_gmt":"2014-06-04T19:36:24","slug":"santo-aleixo","status":"publish","type":"page","link":"http:\/\/5.189.177.133\/index.php\/unidades-de-atendimento\/santo-aleixo\/","title":{"rendered":"Jaboat\u00e3o &#8211; Unid. Masculina"},"content":{"rendered":"<h2>Estrutura<\/h2>\n<p>Leitos: 13<\/p>\n<p>\u00c1rea total: 8 H\u00e9ctares<\/p>\n<p>Dormit\u00f3rios: 05<\/p>\n<p>&nbsp;<\/p>\n<p>Pomar | 2 Riachos | Lago para pesca | Jardim | Canil | Refeit\u00f3rio | Cozinha industrial | Escrit\u00f3rio | Oficina de trabalhos manuais | Sala Multim\u00eddia | Lavanderia | 2 Banheiros +\u00a0Vesti\u00e1rio<\/p>\n<p>&nbsp;<\/p>\n<h2>Equipe t\u00e9cnica<\/h2>\n<p>Coordenador, Psicologo(a), Assistente Social, T\u00e9cnicos.<\/p>\n<p>&nbsp;<\/p>\n<p>&nbsp;<\/p>\n\n\t\t<style type=\"text\/css\">\n\t\t\t#gallery-1 {\n\t\t\t\tmargin: auto;\n\t\t\t}\n\t\t\t#gallery-1 .gallery-item {\n\t\t\t\tfloat: left;\n\t\t\t\tmargin-top: 10px;\n\t\t\t\ttext-align: center;\n\t\t\t\twidth: 33%;\n\t\t\t}\n\t\t\t#gallery-1 img {\n\t\t\t\tborder: 2px solid #cfcfcf;\n\t\t\t}\n\t\t\t#gallery-1 .gallery-caption {\n\t\t\t\tmargin-left: 0;\n\t\t\t}\n\t\t\t\/* see gallery_shortcode() in wp-includes\/media.php *\/\n\t\t<\/style>\n\t\t<div id='gallery-1' class='gallery galleryid-236 gallery-columns-3 gallery-size-thumbnail'><dl class='gallery-item'>\n\t\t\t<dt class='gallery-icon landscape'>\n\t\t\t\t<a href='http:\/\/5.189.177.133\/ipad-1847\/'><img loading=\"lazy\" decoding=\"async\" width=\"150\" height=\"150\" src=\"http:\/\/5.189.177.133\/wp-content\/uploads\/2014\/09\/IPAD-1847-1-150x150.jpg\" class=\"attachment-thumbnail size-thumbnail\" alt=\"\" \/><\/a>\n\t\t\t<\/dt><\/dl><dl class='gallery-item'>\n\t\t\t<dt class='gallery-icon landscape'>\n\t\t\t\t<a href='http:\/\/5.189.177.133\/santo-aleixo-2\/'><img loading=\"lazy\" decoding=\"async\" width=\"150\" height=\"150\" src=\"http:\/\/5.189.177.133\/wp-content\/uploads\/2014\/09\/Santo-Aleixo-1-150x150.jpg\" class=\"attachment-thumbnail size-thumbnail\" alt=\"\" \/><\/a>\n\t\t\t<\/dt><\/dl><dl class='gallery-item'>\n\t\t\t<dt class='gallery-icon landscape'>\n\t\t\t\t<a href='http:\/\/5.189.177.133\/1146518_536501346398893_490819864_n\/'><img loading=\"lazy\" decoding=\"async\" width=\"150\" height=\"150\" src=\"http:\/\/5.189.177.133\/wp-content\/uploads\/2014\/09\/1146518_536501346398893_490819864_n-1-150x150.jpg\" class=\"attachment-thumbnail size-thumbnail\" alt=\"\" \/><\/a>\n\t\t\t<\/dt><\/dl><br style=\"clear: both\" \/><dl class='gallery-item'>\n\t\t\t<dt class='gallery-icon landscape'>\n\t\t\t\t<a href='http:\/\/5.189.177.133\/ipad-1852\/'><img loading=\"lazy\" decoding=\"async\" width=\"150\" height=\"150\" src=\"http:\/\/5.189.177.133\/wp-content\/uploads\/2014\/09\/IPAD-1852-1-150x150.jpg\" class=\"attachment-thumbnail size-thumbnail\" alt=\"\" \/><\/a>\n\t\t\t<\/dt><\/dl><dl class='gallery-item'>\n\t\t\t<dt class='gallery-icon landscape'>\n\t\t\t\t<a href='http:\/\/5.189.177.133\/ipad-1849\/'><img loading=\"lazy\" decoding=\"async\" width=\"150\" height=\"150\" src=\"http:\/\/5.189.177.133\/wp-content\/uploads\/2014\/09\/IPAD-1849-1-150x150.jpg\" class=\"attachment-thumbnail size-thumbnail\" alt=\"\" \/><\/a>\n\t\t\t<\/dt><\/dl><dl class='gallery-item'>\n\t\t\t<dt class='gallery-icon landscape'>\n\t\t\t\t<a href='http:\/\/5.189.177.133\/ipad-1841\/'><img loading=\"lazy\" decoding=\"async\" width=\"150\" height=\"150\" src=\"http:\/\/5.189.177.133\/wp-content\/uploads\/2014\/09\/IPAD-1841-1-150x150.jpg\" class=\"attachment-thumbnail size-thumbnail\" alt=\"\" \/><\/a>\n\t\t\t<\/dt><\/dl><br style=\"clear: both\" \/><dl class='gallery-item'>\n\t\t\t<dt class='gallery-icon landscape'>\n\t\t\t\t<a href='http:\/\/5.189.177.133\/ipad-520\/'><img loading=\"lazy\" decoding=\"async\" width=\"150\" height=\"150\" src=\"http:\/\/5.189.177.133\/wp-content\/uploads\/2014\/09\/IPAD-520-1-150x150.jpg\" class=\"attachment-thumbnail size-thumbnail\" alt=\"\" \/><\/a>\n\t\t\t<\/dt><\/dl><dl class='gallery-item'>\n\t\t\t<dt class='gallery-icon landscape'>\n\t\t\t\t<a href='http:\/\/5.189.177.133\/ipad-518\/'><img loading=\"lazy\" decoding=\"async\" width=\"150\" height=\"150\" src=\"http:\/\/5.189.177.133\/wp-content\/uploads\/2014\/09\/IPAD-518-1-150x150.jpg\" class=\"attachment-thumbnail size-thumbnail\" alt=\"\" \/><\/a>\n\t\t\t<\/dt><\/dl><dl class='gallery-item'>\n\t\t\t<dt class='gallery-icon landscape'>\n\t\t\t\t<a href='http:\/\/5.189.177.133\/ipad-515\/'><img loading=\"lazy\" decoding=\"async\" width=\"150\" height=\"150\" src=\"http:\/\/5.189.177.133\/wp-content\/uploads\/2014\/09\/IPAD-515-1-150x150.jpg\" class=\"attachment-thumbnail size-thumbnail\" alt=\"\" \/><\/a>\n\t\t\t<\/dt><\/dl><br style=\"clear: both\" \/><dl class='gallery-item'>\n\t\t\t<dt class='gallery-icon landscape'>\n\t\t\t\t<a href='http:\/\/5.189.177.133\/index.php\/unidades-de-atendimento\/santo-aleixo\/img_8518\/'><img loading=\"lazy\" decoding=\"async\" width=\"150\" height=\"150\" src=\"http:\/\/5.189.177.133\/wp-content\/uploads\/2014\/06\/IMG_8518-1-150x150.jpg\" class=\"attachment-thumbnail size-thumbnail\" alt=\"\" \/><\/a>\n\t\t\t<\/dt><\/dl>\n\t\t\t<br style='clear: both' \/>\n\t\t<\/div>\n\n","protected":false},"excerpt":{"rendered":"<p>Estrutura Leitos: 13 \u00c1rea total: 8 H\u00e9ctares Dormit\u00f3rios: 05 &nbsp; Pomar | 2 Riachos | Lago para pesca | Jardim | Canil | Refeit\u00f3rio | Cozinha industrial | Escrit\u00f3rio | Oficina de trabalhos manuais | Sala Multim\u00eddia | Lavanderia | 2 Banheiros +\u00a0Vesti\u00e1rio &nbsp; Equipe t\u00e9cnica Coordenador, Psicologo(a), Assistente Social, T\u00e9cnicos. &nbsp; &nbsp;<\/p>\n","protected":false},"author":1,"featured_media":0,"parent":232,"menu_order":0,"comment_status":"closed","ping_status":"closed","template":"","meta":{"_kadence_starter_templates_imported_post":false,"footnotes":""},"class_list":["post-236","page","type-page","status-publish","hentry"],"_links":{"self":[{"href":"http:\/\/5.189.177.133\/index.php\/wp-json\/wp\/v2\/pages\/236","targetHints":{"allow":["GET"]}}],"collection":[{"href":"http:\/\/5.189.177.133\/index.php\/wp-json\/wp\/v2\/pages"}],"about":[{"href":"http:\/\/5.189.177.133\/index.php\/wp-json\/wp\/v2\/types\/page"}],"author":[{"embeddable":true,"href":"http:\/\/5.189.177.133\/index.php\/wp-json\/wp\/v2\/users\/1"}],"replies":[{"embeddable":true,"href":"http:\/\/5.189.177.133\/index.php\/wp-json\/wp\/v2\/comments?post=236"}],"version-history":[{"count":0,"href":"http:\/\/5.189.177.133\/index.php\/wp-json\/wp\/v2\/pages\/236\/revisions"}],"up":[{"embeddable":true,"href":"http:\/\/5.189.177.133\/index.php\/wp-json\/wp\/v2\/pages\/232"}],"wp:attachment":[{"href":"http:\/\/5.189.177.133\/index.php\/wp-json\/wp\/v2\/media?parent=236"}],"curies":[{"name":"wp","href":"https:\/\/api.w.org\/{rel}","templated":true}]}}