{"id":240,"date":"2014-06-04T19:36:54","date_gmt":"2014-06-04T19:36:54","guid":{"rendered":"http:\/\/saravida.org.br\/portal\/?page_id=240"},"modified":"2014-06-04T19:36:54","modified_gmt":"2014-06-04T19:36:54","slug":"unidade-paulistaolinda-feminina","status":"publish","type":"page","link":"http:\/\/5.189.177.133\/index.php\/unidades-de-atendimento\/unidade-paulistaolinda-feminina\/","title":{"rendered":"Paulista &#8211; Unid. Feminina"},"content":{"rendered":"<h2>Estrutura<\/h2>\n<p>Leitos: 30 | \u00c1rea total: 2 hectares | \u00c1rea constru\u00edda: 320 m\u00b2 | Pomar | Piscina | Jardim | Dormit\u00f3rios: 04 | Canil | Som ambiente em toda \u00e1rea | Refeit\u00f3rio | Cozinha industrial | Escrit\u00f3rio | Oficina de trabalhos manuais | Sala Multim\u00eddia | Lavanderia | Banheiros: 03 | Vesti\u00e1rio | Churrasqueira<\/p>\n<div>\n<h2>Equipe t\u00e9cnica<\/h2>\n<p>Capel\u00e3o, Coordenador, Psicologo(a), Assistente Social, T\u00e9cnicos em Depend\u00eancia Qu\u00edmica<\/p>\n<\/div>\n<h2>Galeria de fotos<\/h2>\n<p>&nbsp;<\/p>\n\n\t\t<style type=\"text\/css\">\n\t\t\t#gallery-1 {\n\t\t\t\tmargin: auto;\n\t\t\t}\n\t\t\t#gallery-1 .gallery-item {\n\t\t\t\tfloat: left;\n\t\t\t\tmargin-top: 10px;\n\t\t\t\ttext-align: center;\n\t\t\t\twidth: 25%;\n\t\t\t}\n\t\t\t#gallery-1 img {\n\t\t\t\tborder: 2px solid #cfcfcf;\n\t\t\t}\n\t\t\t#gallery-1 .gallery-caption {\n\t\t\t\tmargin-left: 0;\n\t\t\t}\n\t\t\t\/* see gallery_shortcode() in wp-includes\/media.php *\/\n\t\t<\/style>\n\t\t<div id='gallery-1' class='gallery galleryid-240 gallery-columns-4 gallery-size-thumbnail'><dl class='gallery-item'>\n\t\t\t<dt class='gallery-icon landscape'>\n\t\t\t\t<a href='http:\/\/5.189.177.133\/index.php\/unidades-de-atendimento\/unidade-paulistaolinda-feminina\/casa-feminina-saravida-area-principal\/'><img loading=\"lazy\" decoding=\"async\" width=\"150\" height=\"150\" src=\"http:\/\/5.189.177.133\/wp-content\/uploads\/2014\/06\/Casa-feminina-Saravida-area-principal-1-150x150.jpg\" class=\"attachment-thumbnail size-thumbnail\" alt=\"\" \/><\/a>\n\t\t\t<\/dt><\/dl><dl class='gallery-item'>\n\t\t\t<dt class='gallery-icon landscape'>\n\t\t\t\t<a href='http:\/\/5.189.177.133\/index.php\/unidades-de-atendimento\/unidade-paulistaolinda-feminina\/saravida-artesanato-como-terapia\/'><img loading=\"lazy\" decoding=\"async\" width=\"150\" height=\"150\" src=\"http:\/\/5.189.177.133\/wp-content\/uploads\/2014\/06\/Saravida-artesanato-como-terapia-1-150x150.jpg\" class=\"attachment-thumbnail size-thumbnail\" alt=\"\" \/><\/a>\n\t\t\t<\/dt><\/dl><dl class='gallery-item'>\n\t\t\t<dt class='gallery-icon landscape'>\n\t\t\t\t<a href='http:\/\/5.189.177.133\/index.php\/unidades-de-atendimento\/unidade-paulistaolinda-feminina\/saravida-casa-feminina-area-de-apoio\/'><img loading=\"lazy\" decoding=\"async\" width=\"150\" height=\"150\" src=\"http:\/\/5.189.177.133\/wp-content\/uploads\/2014\/06\/Saravida-Casa-feminina-area-de-apoio-1-150x150.jpg\" class=\"attachment-thumbnail size-thumbnail\" alt=\"\" \/><\/a>\n\t\t\t<\/dt><\/dl><dl class='gallery-item'>\n\t\t\t<dt class='gallery-icon landscape'>\n\t\t\t\t<a href='http:\/\/5.189.177.133\/index.php\/unidades-de-atendimento\/unidade-paulistaolinda-feminina\/saravida-casa-feminina-olinda-area-comum\/'><img loading=\"lazy\" decoding=\"async\" width=\"150\" height=\"150\" src=\"http:\/\/5.189.177.133\/wp-content\/uploads\/2014\/06\/Saravida-Casa-Feminina-Olinda-area-comum-1-150x150.jpg\" class=\"attachment-thumbnail size-thumbnail\" alt=\"\" \/><\/a>\n\t\t\t<\/dt><\/dl><br style=\"clear: both\" \/><dl class='gallery-item'>\n\t\t\t<dt class='gallery-icon landscape'>\n\t\t\t\t<a href='http:\/\/5.189.177.133\/index.php\/unidades-de-atendimento\/unidade-paulistaolinda-feminina\/saravida-casa-feminina-olinda-artesanato\/'><img loading=\"lazy\" decoding=\"async\" width=\"150\" height=\"150\" src=\"http:\/\/5.189.177.133\/wp-content\/uploads\/2014\/06\/Saravida-Casa-Feminina-Olinda-artesanato-1-150x150.jpg\" class=\"attachment-thumbnail size-thumbnail\" alt=\"\" \/><\/a>\n\t\t\t<\/dt><\/dl><dl class='gallery-item'>\n\t\t\t<dt class='gallery-icon landscape'>\n\t\t\t\t<a href='http:\/\/5.189.177.133\/index.php\/unidades-de-atendimento\/unidade-paulistaolinda-feminina\/saravida-casa-feminina-olinda-dormitorio-principal\/'><img loading=\"lazy\" decoding=\"async\" width=\"150\" height=\"150\" src=\"http:\/\/5.189.177.133\/wp-content\/uploads\/2014\/06\/Saravida-Casa-Feminina-Olinda-Dormitorio-principal-1-150x150.jpg\" class=\"attachment-thumbnail size-thumbnail\" alt=\"\" \/><\/a>\n\t\t\t<\/dt><\/dl><dl class='gallery-item'>\n\t\t\t<dt class='gallery-icon landscape'>\n\t\t\t\t<a href='http:\/\/5.189.177.133\/index.php\/unidades-de-atendimento\/unidade-paulistaolinda-feminina\/saravida-casa-feminina-olinda-profissionalizacao\/'><img loading=\"lazy\" decoding=\"async\" width=\"150\" height=\"150\" src=\"http:\/\/5.189.177.133\/wp-content\/uploads\/2014\/06\/Saravida-Casa-Feminina-Olinda-Profissionalizacao-1-150x150.jpg\" class=\"attachment-thumbnail size-thumbnail\" alt=\"\" \/><\/a>\n\t\t\t<\/dt><\/dl><dl class='gallery-item'>\n\t\t\t<dt class='gallery-icon landscape'>\n\t\t\t\t<a href='http:\/\/5.189.177.133\/index.php\/unidades-de-atendimento\/unidade-paulistaolinda-feminina\/saravida-casa-feminina-olinda-vestiario\/'><img loading=\"lazy\" decoding=\"async\" width=\"150\" height=\"150\" src=\"http:\/\/5.189.177.133\/wp-content\/uploads\/2014\/06\/Saravida-Casa-feminina-Olinda-vestiario-1-150x150.jpg\" class=\"attachment-thumbnail size-thumbnail\" alt=\"\" \/><\/a>\n\t\t\t<\/dt><\/dl><br style=\"clear: both\" \/><dl class='gallery-item'>\n\t\t\t<dt class='gallery-icon portrait'>\n\t\t\t\t<a href='http:\/\/5.189.177.133\/index.php\/unidades-de-atendimento\/unidade-paulistaolinda-feminina\/saravida-casa-feminina-refeitorio\/'><img loading=\"lazy\" decoding=\"async\" width=\"150\" height=\"150\" src=\"http:\/\/5.189.177.133\/wp-content\/uploads\/2014\/06\/Saravida-casa-feminina-refeitorio-1-150x150.jpg\" class=\"attachment-thumbnail size-thumbnail\" alt=\"\" \/><\/a>\n\t\t\t<\/dt><\/dl><dl class='gallery-item'>\n\t\t\t<dt class='gallery-icon landscape'>\n\t\t\t\t<a href='http:\/\/5.189.177.133\/index.php\/unidades-de-atendimento\/unidade-paulistaolinda-feminina\/saravida-feminina-refeitorio\/'><img loading=\"lazy\" decoding=\"async\" width=\"150\" height=\"150\" src=\"http:\/\/5.189.177.133\/wp-content\/uploads\/2014\/06\/Saravida-Feminina-refeitorio-1-150x150.jpg\" class=\"attachment-thumbnail size-thumbnail\" alt=\"\" \/><\/a>\n\t\t\t<\/dt><\/dl><dl class='gallery-item'>\n\t\t\t<dt class='gallery-icon landscape'>\n\t\t\t\t<a href='http:\/\/5.189.177.133\/index.php\/unidades-de-atendimento\/unidade-paulistaolinda-feminina\/saravida-feminina-amor\/'><img loading=\"lazy\" decoding=\"async\" width=\"150\" height=\"150\" src=\"http:\/\/5.189.177.133\/wp-content\/uploads\/2014\/06\/Saravida-Feminina-Amor-1-150x150.jpg\" class=\"attachment-thumbnail size-thumbnail\" alt=\"\" \/><\/a>\n\t\t\t<\/dt><\/dl><dl class='gallery-item'>\n\t\t\t<dt class='gallery-icon landscape'>\n\t\t\t\t<a href='http:\/\/5.189.177.133\/index.php\/unidades-de-atendimento\/unidade-paulistaolinda-feminina\/saravida-feminina-area-arborizada\/'><img loading=\"lazy\" decoding=\"async\" width=\"150\" height=\"150\" src=\"http:\/\/5.189.177.133\/wp-content\/uploads\/2014\/06\/Saravida-Feminina-Area-arborizada-1-e1499787522190-150x150.jpg\" class=\"attachment-thumbnail size-thumbnail\" alt=\"\" \/><\/a>\n\t\t\t<\/dt><\/dl><br style=\"clear: both\" \/><dl class='gallery-item'>\n\t\t\t<dt class='gallery-icon landscape'>\n\t\t\t\t<a href='http:\/\/5.189.177.133\/index.php\/unidades-de-atendimento\/unidade-paulistaolinda-feminina\/saravida-feminina-area-de-servico\/'><img loading=\"lazy\" decoding=\"async\" width=\"150\" height=\"150\" src=\"http:\/\/5.189.177.133\/wp-content\/uploads\/2014\/06\/Saravida-Feminina-area-de-servico-1-150x150.jpg\" class=\"attachment-thumbnail size-thumbnail\" alt=\"\" \/><\/a>\n\t\t\t<\/dt><\/dl><dl class='gallery-item'>\n\t\t\t<dt class='gallery-icon landscape'>\n\t\t\t\t<a href='http:\/\/5.189.177.133\/index.php\/unidades-de-atendimento\/unidade-paulistaolinda-feminina\/saravida-feminina-area-externa\/'><img loading=\"lazy\" decoding=\"async\" width=\"150\" height=\"150\" src=\"http:\/\/5.189.177.133\/wp-content\/uploads\/2014\/06\/Saravida-Feminina-Area-externa-1-150x150.jpg\" class=\"attachment-thumbnail size-thumbnail\" alt=\"\" \/><\/a>\n\t\t\t<\/dt><\/dl><dl class='gallery-item'>\n\t\t\t<dt class='gallery-icon landscape'>\n\t\t\t\t<a href='http:\/\/5.189.177.133\/index.php\/unidades-de-atendimento\/unidade-paulistaolinda-feminina\/saravida-feminina-cleiton-collins-e-eduardo-da-fonte\/'><img loading=\"lazy\" decoding=\"async\" width=\"150\" height=\"150\" src=\"http:\/\/5.189.177.133\/wp-content\/uploads\/2014\/06\/Saravida-Feminina-Cleiton-Collins-e-eduardo-da-fonte-1-150x150.jpg\" class=\"attachment-thumbnail size-thumbnail\" alt=\"\" \/><\/a>\n\t\t\t<\/dt><\/dl><dl class='gallery-item'>\n\t\t\t<dt class='gallery-icon landscape'>\n\t\t\t\t<a href='http:\/\/5.189.177.133\/index.php\/unidades-de-atendimento\/unidade-paulistaolinda-feminina\/saravida-feminina-domitorio\/'><img loading=\"lazy\" decoding=\"async\" width=\"150\" height=\"150\" src=\"http:\/\/5.189.177.133\/wp-content\/uploads\/2014\/06\/Saravida-Feminina-Domitorio-1-150x150.jpg\" class=\"attachment-thumbnail size-thumbnail\" alt=\"\" \/><\/a>\n\t\t\t<\/dt><\/dl><br style=\"clear: both\" \/><dl class='gallery-item'>\n\t\t\t<dt class='gallery-icon landscape'>\n\t\t\t\t<a href='http:\/\/5.189.177.133\/index.php\/unidades-de-atendimento\/unidade-paulistaolinda-feminina\/saravida-feminina-estudo-biblico\/'><img loading=\"lazy\" decoding=\"async\" width=\"150\" height=\"150\" src=\"http:\/\/5.189.177.133\/wp-content\/uploads\/2014\/06\/Saravida-Feminina-Estudo-biblico-1-150x150.jpg\" class=\"attachment-thumbnail size-thumbnail\" alt=\"\" \/><\/a>\n\t\t\t<\/dt><\/dl><dl class='gallery-item'>\n\t\t\t<dt class='gallery-icon landscape'>\n\t\t\t\t<a href='http:\/\/5.189.177.133\/index.php\/unidades-de-atendimento\/unidade-paulistaolinda-feminina\/saravida-feminina-estudo-da-palavra\/'><img loading=\"lazy\" decoding=\"async\" width=\"150\" height=\"150\" src=\"http:\/\/5.189.177.133\/wp-content\/uploads\/2014\/06\/Saravida-Feminina-Estudo-da-palavra-1-150x150.jpg\" class=\"attachment-thumbnail size-thumbnail\" alt=\"\" \/><\/a>\n\t\t\t<\/dt><\/dl><dl class='gallery-item'>\n\t\t\t<dt class='gallery-icon landscape'>\n\t\t\t\t<a href='http:\/\/5.189.177.133\/index.php\/unidades-de-atendimento\/unidade-paulistaolinda-feminina\/saravida-feminina-extintores\/'><img loading=\"lazy\" decoding=\"async\" width=\"150\" height=\"150\" src=\"http:\/\/5.189.177.133\/wp-content\/uploads\/2014\/06\/Saravida-Feminina-Extintores-1-150x150.jpg\" class=\"attachment-thumbnail size-thumbnail\" alt=\"\" \/><\/a>\n\t\t\t<\/dt><\/dl><dl class='gallery-item'>\n\t\t\t<dt class='gallery-icon landscape'>\n\t\t\t\t<a href='http:\/\/5.189.177.133\/index.php\/unidades-de-atendimento\/unidade-paulistaolinda-feminina\/saravida-feminina-inauguracao-coral\/'><img loading=\"lazy\" decoding=\"async\" width=\"150\" height=\"150\" src=\"http:\/\/5.189.177.133\/wp-content\/uploads\/2014\/06\/Saravida-Feminina-inauguracao-coral-1-150x150.jpg\" class=\"attachment-thumbnail size-thumbnail\" alt=\"\" \/><\/a>\n\t\t\t<\/dt><\/dl><br style=\"clear: both\" \/><dl class='gallery-item'>\n\t\t\t<dt class='gallery-icon landscape'>\n\t\t\t\t<a href='http:\/\/5.189.177.133\/index.php\/unidades-de-atendimento\/unidade-paulistaolinda-feminina\/saravida-feminina-inauguracao-palestra\/'><img loading=\"lazy\" decoding=\"async\" width=\"150\" height=\"150\" src=\"http:\/\/5.189.177.133\/wp-content\/uploads\/2014\/06\/Saravida-Feminina-Inauguracao-palestra-1-150x150.jpg\" class=\"attachment-thumbnail size-thumbnail\" alt=\"\" \/><\/a>\n\t\t\t<\/dt><\/dl><dl class='gallery-item'>\n\t\t\t<dt class='gallery-icon landscape'>\n\t\t\t\t<a href='http:\/\/5.189.177.133\/index.php\/unidades-de-atendimento\/unidade-paulistaolinda-feminina\/saravida-feminina-lazer\/'><img loading=\"lazy\" decoding=\"async\" width=\"150\" height=\"150\" src=\"http:\/\/5.189.177.133\/wp-content\/uploads\/2014\/06\/Saravida-feminina-lazer-1-150x150.jpg\" class=\"attachment-thumbnail size-thumbnail\" alt=\"\" \/><\/a>\n\t\t\t<\/dt><\/dl><dl class='gallery-item'>\n\t\t\t<dt class='gallery-icon landscape'>\n\t\t\t\t<a href='http:\/\/5.189.177.133\/index.php\/unidades-de-atendimento\/unidade-paulistaolinda-feminina\/saravida-feminina-olinda-area-de-lazer\/'><img loading=\"lazy\" decoding=\"async\" width=\"150\" height=\"150\" src=\"http:\/\/5.189.177.133\/wp-content\/uploads\/2014\/06\/Saravida-feminina-olinda-area-de-lazer-1-150x150.jpg\" class=\"attachment-thumbnail size-thumbnail\" alt=\"\" \/><\/a>\n\t\t\t<\/dt><\/dl><dl class='gallery-item'>\n\t\t\t<dt class='gallery-icon landscape'>\n\t\t\t\t<a href='http:\/\/5.189.177.133\/index.php\/unidades-de-atendimento\/unidade-paulistaolinda-feminina\/saravida-feminina-olinda-area-de-servico\/'><img loading=\"lazy\" decoding=\"async\" width=\"150\" height=\"150\" src=\"http:\/\/5.189.177.133\/wp-content\/uploads\/2014\/06\/Saravida-Feminina-olinda-Area-de-servico-1-150x150.jpg\" class=\"attachment-thumbnail size-thumbnail\" alt=\"\" \/><\/a>\n\t\t\t<\/dt><\/dl><br style=\"clear: both\" \/><dl class='gallery-item'>\n\t\t\t<dt class='gallery-icon landscape'>\n\t\t\t\t<a href='http:\/\/5.189.177.133\/index.php\/unidades-de-atendimento\/unidade-paulistaolinda-feminina\/saravida-feminina-olinda-artesanato\/'><img loading=\"lazy\" decoding=\"async\" width=\"150\" height=\"150\" src=\"http:\/\/5.189.177.133\/wp-content\/uploads\/2014\/06\/Saravida-Feminina-Olinda-Artesanato-1-150x150.jpg\" class=\"attachment-thumbnail size-thumbnail\" alt=\"\" \/><\/a>\n\t\t\t<\/dt><\/dl><dl class='gallery-item'>\n\t\t\t<dt class='gallery-icon landscape'>\n\t\t\t\t<a href='http:\/\/5.189.177.133\/index.php\/unidades-de-atendimento\/unidade-paulistaolinda-feminina\/saravida-feminina-olinda-banheiro-e-vestiario\/'><img loading=\"lazy\" decoding=\"async\" width=\"150\" height=\"150\" src=\"http:\/\/5.189.177.133\/wp-content\/uploads\/2014\/06\/Saravida-feminina-Olinda-Banheiro-e-vestiario-1-150x150.jpg\" class=\"attachment-thumbnail size-thumbnail\" alt=\"\" \/><\/a>\n\t\t\t<\/dt><\/dl><dl class='gallery-item'>\n\t\t\t<dt class='gallery-icon landscape'>\n\t\t\t\t<a href='http:\/\/5.189.177.133\/index.php\/unidades-de-atendimento\/unidade-paulistaolinda-feminina\/saravida-feminina-olinda-beleza\/'><img loading=\"lazy\" decoding=\"async\" width=\"150\" height=\"150\" src=\"http:\/\/5.189.177.133\/wp-content\/uploads\/2014\/06\/Saravida-Feminina-Olinda-beleza-1-150x150.jpg\" class=\"attachment-thumbnail size-thumbnail\" alt=\"\" \/><\/a>\n\t\t\t<\/dt><\/dl><dl class='gallery-item'>\n\t\t\t<dt class='gallery-icon landscape'>\n\t\t\t\t<a href='http:\/\/5.189.177.133\/index.php\/unidades-de-atendimento\/unidade-paulistaolinda-feminina\/saravida-feminina-olinda-cozinha-industrial\/'><img loading=\"lazy\" decoding=\"async\" width=\"150\" height=\"150\" src=\"http:\/\/5.189.177.133\/wp-content\/uploads\/2014\/06\/saravida-feminina-Olinda-cozinha-industrial-1-150x150.jpg\" class=\"attachment-thumbnail size-thumbnail\" alt=\"\" \/><\/a>\n\t\t\t<\/dt><\/dl><br style=\"clear: both\" \/><dl class='gallery-item'>\n\t\t\t<dt class='gallery-icon landscape'>\n\t\t\t\t<a href='http:\/\/5.189.177.133\/index.php\/unidades-de-atendimento\/unidade-paulistaolinda-feminina\/saravida-feminina-olinda-cozinha\/'><img loading=\"lazy\" decoding=\"async\" width=\"150\" height=\"150\" src=\"http:\/\/5.189.177.133\/wp-content\/uploads\/2014\/06\/saravida-feminina-olinda-cozinha-1-150x150.jpg\" class=\"attachment-thumbnail size-thumbnail\" alt=\"\" \/><\/a>\n\t\t\t<\/dt><\/dl><dl class='gallery-item'>\n\t\t\t<dt class='gallery-icon landscape'>\n\t\t\t\t<a href='http:\/\/5.189.177.133\/index.php\/unidades-de-atendimento\/unidade-paulistaolinda-feminina\/saravida-feminina-olinda-domitorio-rincipal-externo\/'><img loading=\"lazy\" decoding=\"async\" width=\"150\" height=\"150\" src=\"http:\/\/5.189.177.133\/wp-content\/uploads\/2014\/06\/Saravida-Feminina-Olinda-Domitorio-rincipal-externo-1-150x150.jpg\" class=\"attachment-thumbnail size-thumbnail\" alt=\"\" \/><\/a>\n\t\t\t<\/dt><\/dl><dl class='gallery-item'>\n\t\t\t<dt class='gallery-icon landscape'>\n\t\t\t\t<a href='http:\/\/5.189.177.133\/index.php\/unidades-de-atendimento\/unidade-paulistaolinda-feminina\/saravida-feminina-olinda-estudo-terapeutico\/'><img loading=\"lazy\" decoding=\"async\" width=\"150\" height=\"150\" src=\"http:\/\/5.189.177.133\/wp-content\/uploads\/2014\/06\/Saravida-Feminina-Olinda-Estudo-terapeutico-1-150x150.jpg\" class=\"attachment-thumbnail size-thumbnail\" alt=\"\" \/><\/a>\n\t\t\t<\/dt><\/dl><dl class='gallery-item'>\n\t\t\t<dt class='gallery-icon landscape'>\n\t\t\t\t<a href='http:\/\/5.189.177.133\/index.php\/unidades-de-atendimento\/unidade-paulistaolinda-feminina\/saravida-feminina-olinda-estudo\/'><img loading=\"lazy\" decoding=\"async\" width=\"150\" height=\"150\" src=\"http:\/\/5.189.177.133\/wp-content\/uploads\/2014\/06\/Saravida-Feminina-Olinda-Estudo-1-150x150.jpg\" class=\"attachment-thumbnail size-thumbnail\" alt=\"\" \/><\/a>\n\t\t\t<\/dt><\/dl><br style=\"clear: both\" \/><dl class='gallery-item'>\n\t\t\t<dt class='gallery-icon landscape'>\n\t\t\t\t<a href='http:\/\/5.189.177.133\/index.php\/unidades-de-atendimento\/unidade-paulistaolinda-feminina\/saravida-feminina-olinda-lavanderia\/'><img loading=\"lazy\" decoding=\"async\" width=\"150\" height=\"150\" src=\"http:\/\/5.189.177.133\/wp-content\/uploads\/2014\/06\/Saravida-Feminina-olinda-lavanderia-1-150x150.jpg\" class=\"attachment-thumbnail size-thumbnail\" alt=\"\" \/><\/a>\n\t\t\t<\/dt><\/dl><dl class='gallery-item'>\n\t\t\t<dt class='gallery-icon landscape'>\n\t\t\t\t<a href='http:\/\/5.189.177.133\/index.php\/unidades-de-atendimento\/unidade-paulistaolinda-feminina\/saravida-feminina-patio\/'><img loading=\"lazy\" decoding=\"async\" width=\"150\" height=\"150\" src=\"http:\/\/5.189.177.133\/wp-content\/uploads\/2014\/06\/Saravida-Feminina-Patio-1-150x150.jpg\" class=\"attachment-thumbnail size-thumbnail\" alt=\"\" \/><\/a>\n\t\t\t<\/dt><\/dl><dl class='gallery-item'>\n\t\t\t<dt class='gallery-icon landscape'>\n\t\t\t\t<a href='http:\/\/5.189.177.133\/index.php\/unidades-de-atendimento\/unidade-paulistaolinda-feminina\/saravida-feminina-piscina\/'><img loading=\"lazy\" decoding=\"async\" width=\"150\" height=\"150\" src=\"http:\/\/5.189.177.133\/wp-content\/uploads\/2014\/06\/Saravida-Feminina-Piscina-1-e1499787592526-150x150.jpg\" class=\"attachment-thumbnail size-thumbnail\" alt=\"\" \/><\/a>\n\t\t\t<\/dt><\/dl><dl class='gallery-item'>\n\t\t\t<dt class='gallery-icon landscape'>\n\t\t\t\t<a href='http:\/\/5.189.177.133\/index.php\/unidades-de-atendimento\/unidade-paulistaolinda-feminina\/saravida-feminina-pomar\/'><img loading=\"lazy\" decoding=\"async\" width=\"150\" height=\"150\" src=\"http:\/\/5.189.177.133\/wp-content\/uploads\/2014\/06\/Saravida-Feminina-Pomar-1-150x150.jpg\" class=\"attachment-thumbnail size-thumbnail\" alt=\"\" \/><\/a>\n\t\t\t<\/dt><\/dl><br style=\"clear: both\" \/><dl class='gallery-item'>\n\t\t\t<dt class='gallery-icon landscape'>\n\t\t\t\t<a href='http:\/\/5.189.177.133\/index.php\/unidades-de-atendimento\/unidade-paulistaolinda-feminina\/saravida-feminina-refeitorio-olinda\/'><img loading=\"lazy\" decoding=\"async\" width=\"150\" height=\"150\" src=\"http:\/\/5.189.177.133\/wp-content\/uploads\/2014\/06\/saravida-feminina-refeitorio-Olinda-1-150x150.jpg\" class=\"attachment-thumbnail size-thumbnail\" alt=\"\" \/><\/a>\n\t\t\t<\/dt><\/dl><dl class='gallery-item'>\n\t\t\t<dt class='gallery-icon landscape'>\n\t\t\t\t<a href='http:\/\/5.189.177.133\/index.php\/unidades-de-atendimento\/unidade-paulistaolinda-feminina\/saravida-feminina-sala-de-tv-e-multimidia\/'><img loading=\"lazy\" decoding=\"async\" width=\"150\" height=\"150\" src=\"http:\/\/5.189.177.133\/wp-content\/uploads\/2014\/06\/Saravida-Feminina-Sala-de-Tv-e-multimidia-1-150x150.jpg\" class=\"attachment-thumbnail size-thumbnail\" alt=\"\" \/><\/a>\n\t\t\t<\/dt><\/dl><dl class='gallery-item'>\n\t\t\t<dt class='gallery-icon landscape'>\n\t\t\t\t<a href='http:\/\/5.189.177.133\/index.php\/unidades-de-atendimento\/unidade-paulistaolinda-feminina\/saravida-feminina-tratamento-corpo-e-alme\/'><img loading=\"lazy\" decoding=\"async\" width=\"150\" height=\"150\" src=\"http:\/\/5.189.177.133\/wp-content\/uploads\/2014\/06\/Saravida-Feminina-Tratamento-corpo-e-alme-1-150x150.jpg\" class=\"attachment-thumbnail size-thumbnail\" alt=\"\" \/><\/a>\n\t\t\t<\/dt><\/dl><dl class='gallery-item'>\n\t\t\t<dt class='gallery-icon landscape'>\n\t\t\t\t<a href='http:\/\/5.189.177.133\/index.php\/unidades-de-atendimento\/unidade-paulistaolinda-feminina\/saravida-feminina-cleiton-michele-collins-e-eduardo-da-fonte\/'><img loading=\"lazy\" decoding=\"async\" width=\"150\" height=\"150\" src=\"http:\/\/5.189.177.133\/wp-content\/uploads\/2014\/06\/Saravida-Feminina-Cleiton-Michele-collins-e-eduardo-da-fonte-1-150x150.jpg\" class=\"attachment-thumbnail size-thumbnail\" alt=\"\" \/><\/a>\n\t\t\t<\/dt><\/dl><br style=\"clear: both\" \/><dl class='gallery-item'>\n\t\t\t<dt class='gallery-icon landscape'>\n\t\t\t\t<a href='http:\/\/5.189.177.133\/index.php\/unidades-de-atendimento\/unidade-paulistaolinda-feminina\/saravida-olinda-casa-feminina-artesanato\/'><img loading=\"lazy\" decoding=\"async\" width=\"150\" height=\"150\" src=\"http:\/\/5.189.177.133\/wp-content\/uploads\/2014\/06\/Saravida-Olinda-Casa-Feminina-artesanato-1-150x150.jpg\" class=\"attachment-thumbnail size-thumbnail\" alt=\"\" \/><\/a>\n\t\t\t<\/dt><\/dl><dl class='gallery-item'>\n\t\t\t<dt class='gallery-icon landscape'>\n\t\t\t\t<a href='http:\/\/5.189.177.133\/index.php\/unidades-de-atendimento\/unidade-paulistaolinda-feminina\/saravida-olinda-feminina-cozinha\/'><img loading=\"lazy\" decoding=\"async\" width=\"150\" height=\"150\" src=\"http:\/\/5.189.177.133\/wp-content\/uploads\/2014\/06\/Saravida-olinda-feminina-cozinha-1-150x150.jpg\" class=\"attachment-thumbnail size-thumbnail\" alt=\"\" \/><\/a>\n\t\t\t<\/dt><\/dl><dl class='gallery-item'>\n\t\t\t<dt class='gallery-icon landscape'>\n\t\t\t\t<a href='http:\/\/5.189.177.133\/index.php\/unidades-de-atendimento\/unidade-paulistaolinda-feminina\/saravida-olinda-feminina-estudo-das-mulheres\/'><img loading=\"lazy\" decoding=\"async\" width=\"150\" height=\"150\" src=\"http:\/\/5.189.177.133\/wp-content\/uploads\/2014\/06\/Saravida-Olinda-Feminina-estudo-das-mulheres-1-150x150.jpg\" class=\"attachment-thumbnail size-thumbnail\" alt=\"\" \/><\/a>\n\t\t\t<\/dt><\/dl><dl class='gallery-item'>\n\t\t\t<dt class='gallery-icon landscape'>\n\t\t\t\t<a href='http:\/\/5.189.177.133\/index.php\/unidades-de-atendimento\/unidade-paulistaolinda-feminina\/saravida-olinda-salao-feminina\/'><img loading=\"lazy\" decoding=\"async\" width=\"150\" height=\"150\" src=\"http:\/\/5.189.177.133\/wp-content\/uploads\/2014\/06\/Saravida-Olinda-Salao-Feminina-1-150x150.jpg\" class=\"attachment-thumbnail size-thumbnail\" alt=\"\" \/><\/a>\n\t\t\t<\/dt><\/dl><br style=\"clear: both\" \/><dl class='gallery-item'>\n\t\t\t<dt class='gallery-icon landscape'>\n\t\t\t\t<a href='http:\/\/5.189.177.133\/index.php\/unidades-de-atendimento\/unidade-paulistaolinda-feminina\/saravida-sala-de-estar-feminina-olinda\/'><img loading=\"lazy\" decoding=\"async\" width=\"150\" height=\"150\" src=\"http:\/\/5.189.177.133\/wp-content\/uploads\/2014\/06\/Saravida-Sala-de-estar-Feminina-Olinda-1-150x150.jpg\" class=\"attachment-thumbnail size-thumbnail\" alt=\"\" \/><\/a>\n\t\t\t<\/dt><\/dl><dl class='gallery-item'>\n\t\t\t<dt class='gallery-icon landscape'>\n\t\t\t\t<a href='http:\/\/5.189.177.133\/index.php\/unidades-de-atendimento\/unidade-paulistaolinda-feminina\/saravida-tratamento-terapeutico-artesanato\/'><img loading=\"lazy\" decoding=\"async\" width=\"150\" height=\"150\" src=\"http:\/\/5.189.177.133\/wp-content\/uploads\/2014\/06\/Saravida-tratamento-terapeutico-artesanato-1-150x150.jpg\" class=\"attachment-thumbnail size-thumbnail\" alt=\"\" \/><\/a>\n\t\t\t<\/dt><\/dl><dl class='gallery-item'>\n\t\t\t<dt class='gallery-icon landscape'>\n\t\t\t\t<a href='http:\/\/5.189.177.133\/index.php\/unidades-de-atendimento\/unidade-paulistaolinda-feminina\/saravida-unidade-feminina-olinda-artesanato\/'><img loading=\"lazy\" decoding=\"async\" width=\"150\" height=\"150\" src=\"http:\/\/5.189.177.133\/wp-content\/uploads\/2014\/06\/Saravida-unidade-Feminina-Olinda-artesanato-1-150x150.jpg\" class=\"attachment-thumbnail size-thumbnail\" alt=\"\" \/><\/a>\n\t\t\t<\/dt><\/dl>\n\t\t\t<br style='clear: both' \/>\n\t\t<\/div>\n\n<p>&nbsp;<\/p>\n","protected":false},"excerpt":{"rendered":"<p>Estrutura Leitos: 30 | \u00c1rea total: 2 hectares | \u00c1rea constru\u00edda: 320 m\u00b2 | Pomar | Piscina | Jardim | Dormit\u00f3rios: 04 | Canil | Som ambiente em toda \u00e1rea | Refeit\u00f3rio | Cozinha industrial | Escrit\u00f3rio | Oficina de trabalhos manuais | Sala Multim\u00eddia | Lavanderia | Banheiros: 03 | Vesti\u00e1rio | Churrasqueira Equipe<a href=\"http:\/\/5.189.177.133\/index.php\/unidades-de-atendimento\/unidade-paulistaolinda-feminina\/\" class=\"read-more\">Read More &#8230;<\/a><\/p>\n","protected":false},"author":1,"featured_media":0,"parent":232,"menu_order":0,"comment_status":"closed","ping_status":"closed","template":"","meta":{"_kadence_starter_templates_imported_post":false,"footnotes":""},"class_list":["post-240","page","type-page","status-publish","hentry"],"_links":{"self":[{"href":"http:\/\/5.189.177.133\/index.php\/wp-json\/wp\/v2\/pages\/240","targetHints":{"allow":["GET"]}}],"collection":[{"href":"http:\/\/5.189.177.133\/index.php\/wp-json\/wp\/v2\/pages"}],"about":[{"href":"http:\/\/5.189.177.133\/index.php\/wp-json\/wp\/v2\/types\/page"}],"author":[{"embeddable":true,"href":"http:\/\/5.189.177.133\/index.php\/wp-json\/wp\/v2\/users\/1"}],"replies":[{"embeddable":true,"href":"http:\/\/5.189.177.133\/index.php\/wp-json\/wp\/v2\/comments?post=240"}],"version-history":[{"count":0,"href":"http:\/\/5.189.177.133\/index.php\/wp-json\/wp\/v2\/pages\/240\/revisions"}],"up":[{"embeddable":true,"href":"http:\/\/5.189.177.133\/index.php\/wp-json\/wp\/v2\/pages\/232"}],"wp:attachment":[{"href":"http:\/\/5.189.177.133\/index.php\/wp-json\/wp\/v2\/media?parent=240"}],"curies":[{"name":"wp","href":"https:\/\/api.w.org\/{rel}","templated":true}]}}