{"id":242,"date":"2014-06-04T19:37:15","date_gmt":"2014-06-04T19:37:15","guid":{"rendered":"http:\/\/saravida.org.br\/portal\/?page_id=242"},"modified":"2014-06-04T19:37:15","modified_gmt":"2014-06-04T19:37:15","slug":"unidade-surubim","status":"publish","type":"page","link":"http:\/\/5.189.177.133\/index.php\/unidades-de-atendimento\/unidade-surubim\/","title":{"rendered":"Surubim &#8211; Unid. Masculina"},"content":{"rendered":"<h2>Estrutura<\/h2>\n<p>Leitos: 20<\/p>\n<p>\u00c1rea total:<\/p>\n<p>\u00c1rea constru\u00edda:<\/p>\n<p>Pomar: Sim<\/p>\n<p>Piscina: N\u00e3o<\/p>\n<p>Jardim: Sim<\/p>\n<p>Dormit\u00f3rios: 04<\/p>\n<p>Igreja: N\u00e3o<\/p>\n<p>Canil: N\u00e3o<\/p>\n<p>Som ambiente em toda \u00e1rea:\u00a0Sim<\/p>\n<p>Refeit\u00f3rio: N\u00e3o<\/p>\n<p>Cozinha industrial: N\u00e3o, Cozinha normal<\/p>\n<p>Escrit\u00f3rio: Sim<\/p>\n<p>Oficina de trabalhos manuais: Sim<\/p>\n<p>Sala Multim\u00eddia: Sim<\/p>\n<p>Lavanderia: Sim<\/p>\n<p>Banheiros +\u00a0Vesti\u00e1rio: 03 Banheiros<\/p>\n<p>Churrasqueira: Sim<\/p>\n<h2>Equipe t\u00e9cnica<\/h2>\n<p>Capel\u00e3o: Pr. William e Pr. Nivaldo<\/p>\n<p>Psicologo(a):<\/p>\n<p>Assistente Social:<\/p>\n<p>T\u00e9cnicos: Ir. Ivson Vidal e Ir. Geraldo Nascimento<\/p>\n<p>&nbsp;<\/p>\n","protected":false},"excerpt":{"rendered":"<p>Estrutura Leitos: 20 \u00c1rea total: \u00c1rea constru\u00edda: Pomar: Sim Piscina: N\u00e3o Jardim: Sim Dormit\u00f3rios: 04 Igreja: N\u00e3o Canil: N\u00e3o Som ambiente em toda \u00e1rea:\u00a0Sim Refeit\u00f3rio: N\u00e3o Cozinha industrial: N\u00e3o, Cozinha normal Escrit\u00f3rio: Sim Oficina de trabalhos manuais: Sim Sala Multim\u00eddia: Sim Lavanderia: Sim Banheiros +\u00a0Vesti\u00e1rio: 03 Banheiros Churrasqueira: Sim Equipe t\u00e9cnica Capel\u00e3o: Pr. William e<a href=\"http:\/\/5.189.177.133\/index.php\/unidades-de-atendimento\/unidade-surubim\/\" class=\"read-more\">Read More &#8230;<\/a><\/p>\n","protected":false},"author":1,"featured_media":0,"parent":232,"menu_order":0,"comment_status":"closed","ping_status":"closed","template":"","meta":{"_kadence_starter_templates_imported_post":false,"footnotes":""},"class_list":["post-242","page","type-page","status-publish","hentry"],"_links":{"self":[{"href":"http:\/\/5.189.177.133\/index.php\/wp-json\/wp\/v2\/pages\/242","targetHints":{"allow":["GET"]}}],"collection":[{"href":"http:\/\/5.189.177.133\/index.php\/wp-json\/wp\/v2\/pages"}],"about":[{"href":"http:\/\/5.189.177.133\/index.php\/wp-json\/wp\/v2\/types\/page"}],"author":[{"embeddable":true,"href":"http:\/\/5.189.177.133\/index.php\/wp-json\/wp\/v2\/users\/1"}],"replies":[{"embeddable":true,"href":"http:\/\/5.189.177.133\/index.php\/wp-json\/wp\/v2\/comments?post=242"}],"version-history":[{"count":0,"href":"http:\/\/5.189.177.133\/index.php\/wp-json\/wp\/v2\/pages\/242\/revisions"}],"up":[{"embeddable":true,"href":"http:\/\/5.189.177.133\/index.php\/wp-json\/wp\/v2\/pages\/232"}],"wp:attachment":[{"href":"http:\/\/5.189.177.133\/index.php\/wp-json\/wp\/v2\/media?parent=242"}],"curies":[{"name":"wp","href":"https:\/\/api.w.org\/{rel}","templated":true}]}}