{"id":555,"date":"2016-01-26T09:44:59","date_gmt":"2016-01-26T09:44:59","guid":{"rendered":"http:\/\/charitywp.thimpress.com\/charitywp-2\/charitywp-2\/?page_id=11"},"modified":"2016-01-26T09:44:59","modified_gmt":"2016-01-26T09:44:59","slug":"quem-somos","status":"publish","type":"page","link":"http:\/\/5.189.177.133\/index.php\/quem-somos\/","title":{"rendered":"Quem somos"},"content":{"rendered":"<p>Somos uma Organiza\u00e7\u00e3o da Sociedade Civil, sem fins lucrativos, criada em 2003, a partir da experi\u00eancia de uma fam\u00edlia que enfrentou o desafio da supera\u00e7\u00e3o ao uso compulsivo de drogas e, a partir de ent\u00e3o, sentiu o desejo de auxiliar outras pessoas e suas fam\u00edlias, que passam pelas mesmas dificuldades. Nosso servi\u00e7o \u00e9 gratuito e conta com o apoio de uma equipe multidisciplinar, atuando em duas modalidades: o <strong>Acolhimento<\/strong>, ajudando pessoas a superarem o v\u00edcio e a depend\u00eancia de \u00e1lcool e outras drogas, e a <strong>Preven\u00e7\u00e3o<\/strong>, auxiliando e conscientizando estudantes, jovens e familiares de acolhidos com rela\u00e7\u00e3o as problem\u00e1ticas causadas pela droga. Todo nosso trabalho \u00e9 para n\u00f3s uma Miss\u00e3o de Vida e tem a sua ess\u00eancia no Amor ao Pr\u00f3ximo.<\/p>\n<blockquote>\n<hr \/>\n<h3>\u00a0<\/h3>\n<h3>\u201cN\u00f3s sabemos o verdadeiro valor de uma vida\u2026\u201d<\/h3>\n<p>\u00a0<\/p>\n<hr \/>\n<\/blockquote>\n<p>\u00a0<\/p>\n<p style=\"text-align: center;\">Equipe Multidisciplinar<\/p>\n<p>\t\t\t\t\t\tMiss\u00e3o<br \/>\n\t\t\t\t\t\tNossa miss\u00e3o \u00e9 fomentar pessoas para habilidades pr\u00f3 vida, atrav\u00e9s de atividades preventivas, bem como promovendo o cuidado e o acolhimento de pessoas que sofrem por uso abusivo de drogas. A reinser\u00e7\u00e3o social de pessoas em situa\u00e7\u00e3o de risco e promo\u00e7\u00e3o de pol\u00edticas sobre drogas tamb\u00e9m est\u00e3o no nosso campo de atua\u00e7\u00e3o.<br \/>\n\t\t\t\t\t\tVis\u00e3o<br \/>\n\t\t\t\t\t\t<br \/>\nSer refer\u00eancia de organiza\u00e7\u00e3o no planejamento e trabalhos voltados para o seu p\u00fablico-alvo com o mais alto padr\u00e3o de excel\u00eancia.<\/p>\n<p>\t\t\t\t\t\t\t\t\t\t\t\t\t\t\t<svg viewBox=\"0 0 320 512\" xmlns=\"http:\/\/www.w3.org\/2000\/svg\"><path d=\"M31.3 192h257.3c17.8 0 26.7 21.5 14.1 34.1L174.1 354.8c-7.8 7.8-20.5 7.8-28.3 0L17.2 226.1C4.6 213.5 13.5 192 31.3 192z\"><\/path><\/svg><br \/>\n\t\t\t\t\t\t\t\t<svg viewBox=\"0 0 320 512\" xmlns=\"http:\/\/www.w3.org\/2000\/svg\"><path d=\"M177 255.7l136 136c9.4 9.4 9.4 24.6 0 33.9l-22.6 22.6c-9.4 9.4-24.6 9.4-33.9 0L160 351.9l-96.4 96.4c-9.4 9.4-24.6 9.4-33.9 0L7 425.7c-9.4-9.4-9.4-24.6 0-33.9l136-136c9.4-9.5 24.6-9.5 34-.1zm-34-192L7 199.7c-9.4 9.4-9.4 24.6 0 33.9l22.6 22.6c9.4 9.4 24.6 9.4 33.9 0l96.4-96.4 96.4 96.4c9.4 9.4 24.6 9.4 33.9 0l22.6-22.6c9.4-9.4 9.4-24.6 0-33.9l-136-136c-9.2-9.4-24.4-9.4-33.8 0z\"><\/path><\/svg><br \/>\n\t\t\t\t\t\t\t\t\t\t\t\t<a tabindex=\"0\">Valores<\/a><br \/>\n\t\t\t\t\t\t\t\t\t\t\t\t\t\t\t<svg viewBox=\"0 0 320 512\" xmlns=\"http:\/\/www.w3.org\/2000\/svg\"><path d=\"M31.3 192h257.3c17.8 0 26.7 21.5 14.1 34.1L174.1 354.8c-7.8 7.8-20.5 7.8-28.3 0L17.2 226.1C4.6 213.5 13.5 192 31.3 192z\"><\/path><\/svg><br \/>\n\t\t\t\t\t\t\t\t<svg viewBox=\"0 0 320 512\" xmlns=\"http:\/\/www.w3.org\/2000\/svg\"><path d=\"M177 255.7l136 136c9.4 9.4 9.4 24.6 0 33.9l-22.6 22.6c-9.4 9.4-24.6 9.4-33.9 0L160 351.9l-96.4 96.4c-9.4 9.4-24.6 9.4-33.9 0L7 425.7c-9.4-9.4-9.4-24.6 0-33.9l136-136c9.4-9.5 24.6-9.5 34-.1zm-34-192L7 199.7c-9.4 9.4-9.4 24.6 0 33.9l22.6 22.6c9.4 9.4 24.6 9.4 33.9 0l96.4-96.4 96.4 96.4c9.4 9.4 24.6 9.4 33.9 0l22.6-22.6c9.4-9.4 9.4-24.6 0-33.9l-136-136c-9.2-9.4-24.4-9.4-33.8 0z\"><\/path><\/svg><br \/>\n\t\t\t\t\t\t\t\t\t\t\t\t<a tabindex=\"0\">A<\/a><\/p>\n<p>Alvos exponenciais para a expans\u00e3o da Institui\u00e7\u00e3o<\/p>\n<p>\t\t\t\t\t\t\t\t\t\t\t\t\t\t\t<svg viewBox=\"0 0 320 512\" xmlns=\"http:\/\/www.w3.org\/2000\/svg\"><path d=\"M31.3 192h257.3c17.8 0 26.7 21.5 14.1 34.1L174.1 354.8c-7.8 7.8-20.5 7.8-28.3 0L17.2 226.1C4.6 213.5 13.5 192 31.3 192z\"><\/path><\/svg><br \/>\n\t\t\t\t\t\t\t\t<svg viewBox=\"0 0 320 512\" xmlns=\"http:\/\/www.w3.org\/2000\/svg\"><path d=\"M177 255.7l136 136c9.4 9.4 9.4 24.6 0 33.9l-22.6 22.6c-9.4 9.4-24.6 9.4-33.9 0L160 351.9l-96.4 96.4c-9.4 9.4-24.6 9.4-33.9 0L7 425.7c-9.4-9.4-9.4-24.6 0-33.9l136-136c9.4-9.5 24.6-9.5 34-.1zm-34-192L7 199.7c-9.4 9.4-9.4 24.6 0 33.9l22.6 22.6c9.4 9.4 24.6 9.4 33.9 0l96.4-96.4 96.4 96.4c9.4 9.4 24.6 9.4 33.9 0l22.6-22.6c9.4-9.4 9.4-24.6 0-33.9l-136-136c-9.2-9.4-24.4-9.4-33.8 0z\"><\/path><\/svg><br \/>\n\t\t\t\t\t\t\t\t\t\t\t\t<a tabindex=\"0\">C<\/a><\/p>\n<p>Comunidade Terap\u00eautica como ferramenta para a transforma\u00e7\u00e3o comportamental de dependentes<\/p>\n<p>\t\t\t\t\t\t\t\t\t\t\t\t\t\t\t<svg viewBox=\"0 0 320 512\" xmlns=\"http:\/\/www.w3.org\/2000\/svg\"><path d=\"M31.3 192h257.3c17.8 0 26.7 21.5 14.1 34.1L174.1 354.8c-7.8 7.8-20.5 7.8-28.3 0L17.2 226.1C4.6 213.5 13.5 192 31.3 192z\"><\/path><\/svg><br \/>\n\t\t\t\t\t\t\t\t<svg viewBox=\"0 0 320 512\" xmlns=\"http:\/\/www.w3.org\/2000\/svg\"><path d=\"M177 255.7l136 136c9.4 9.4 9.4 24.6 0 33.9l-22.6 22.6c-9.4 9.4-24.6 9.4-33.9 0L160 351.9l-96.4 96.4c-9.4 9.4-24.6 9.4-33.9 0L7 425.7c-9.4-9.4-9.4-24.6 0-33.9l136-136c9.4-9.5 24.6-9.5 34-.1zm-34-192L7 199.7c-9.4 9.4-9.4 24.6 0 33.9l22.6 22.6c9.4 9.4 24.6 9.4 33.9 0l96.4-96.4 96.4 96.4c9.4 9.4 24.6 9.4 33.9 0l22.6-22.6c9.4-9.4 9.4-24.6 0-33.9l-136-136c-9.2-9.4-24.4-9.4-33.8 0z\"><\/path><\/svg><br \/>\n\t\t\t\t\t\t\t\t\t\t\t\t<a tabindex=\"0\">O<\/a><\/p>\n<p>Organiza\u00e7\u00e3o excelente com planejamentos excelentes e estrutura excelente<\/p>\n<p>\t\t\t\t\t\t\t\t\t\t\t\t\t\t\t<svg viewBox=\"0 0 320 512\" xmlns=\"http:\/\/www.w3.org\/2000\/svg\"><path d=\"M31.3 192h257.3c17.8 0 26.7 21.5 14.1 34.1L174.1 354.8c-7.8 7.8-20.5 7.8-28.3 0L17.2 226.1C4.6 213.5 13.5 192 31.3 192z\"><\/path><\/svg><br \/>\n\t\t\t\t\t\t\t\t<svg viewBox=\"0 0 320 512\" xmlns=\"http:\/\/www.w3.org\/2000\/svg\"><path d=\"M177 255.7l136 136c9.4 9.4 9.4 24.6 0 33.9l-22.6 22.6c-9.4 9.4-24.6 9.4-33.9 0L160 351.9l-96.4 96.4c-9.4 9.4-24.6 9.4-33.9 0L7 425.7c-9.4-9.4-9.4-24.6 0-33.9l136-136c9.4-9.5 24.6-9.5 34-.1zm-34-192L7 199.7c-9.4 9.4-9.4 24.6 0 33.9l22.6 22.6c9.4 9.4 24.6 9.4 33.9 0l96.4-96.4 96.4 96.4c9.4 9.4 24.6 9.4 33.9 0l22.6-22.6c9.4-9.4 9.4-24.6 0-33.9l-136-136c-9.2-9.4-24.4-9.4-33.8 0z\"><\/path><\/svg><br \/>\n\t\t\t\t\t\t\t\t\t\t\t\t<a tabindex=\"0\">L<\/a><\/p>\n<p>Liberdade para inova\u00e7\u00f5es<\/p>\n<p>\t\t\t\t\t\t\t\t\t\t\t\t\t\t\t<svg viewBox=\"0 0 320 512\" xmlns=\"http:\/\/www.w3.org\/2000\/svg\"><path d=\"M31.3 192h257.3c17.8 0 26.7 21.5 14.1 34.1L174.1 354.8c-7.8 7.8-20.5 7.8-28.3 0L17.2 226.1C4.6 213.5 13.5 192 31.3 192z\"><\/path><\/svg><br \/>\n\t\t\t\t\t\t\t\t<svg viewBox=\"0 0 320 512\" xmlns=\"http:\/\/www.w3.org\/2000\/svg\"><path d=\"M177 255.7l136 136c9.4 9.4 9.4 24.6 0 33.9l-22.6 22.6c-9.4 9.4-24.6 9.4-33.9 0L160 351.9l-96.4 96.4c-9.4 9.4-24.6 9.4-33.9 0L7 425.7c-9.4-9.4-9.4-24.6 0-33.9l136-136c9.4-9.5 24.6-9.5 34-.1zm-34-192L7 199.7c-9.4 9.4-9.4 24.6 0 33.9l22.6 22.6c9.4 9.4 24.6 9.4 33.9 0l96.4-96.4 96.4 96.4c9.4 9.4 24.6 9.4 33.9 0l22.6-22.6c9.4-9.4 9.4-24.6 0-33.9l-136-136c-9.2-9.4-24.4-9.4-33.8 0z\"><\/path><\/svg><br \/>\n\t\t\t\t\t\t\t\t\t\t\t\t<a tabindex=\"0\">H<\/a><\/p>\n<p>Humaniza\u00e7\u00e3o dos relacionamentos entre a equipe e para como os atendidos<\/p>\n<p>\t\t\t\t\t\t\t\t\t\t\t\t\t\t\t<svg viewBox=\"0 0 320 512\" xmlns=\"http:\/\/www.w3.org\/2000\/svg\"><path d=\"M31.3 192h257.3c17.8 0 26.7 21.5 14.1 34.1L174.1 354.8c-7.8 7.8-20.5 7.8-28.3 0L17.2 226.1C4.6 213.5 13.5 192 31.3 192z\"><\/path><\/svg><br \/>\n\t\t\t\t\t\t\t\t<svg viewBox=\"0 0 320 512\" xmlns=\"http:\/\/www.w3.org\/2000\/svg\"><path d=\"M177 255.7l136 136c9.4 9.4 9.4 24.6 0 33.9l-22.6 22.6c-9.4 9.4-24.6 9.4-33.9 0L160 351.9l-96.4 96.4c-9.4 9.4-24.6 9.4-33.9 0L7 425.7c-9.4-9.4-9.4-24.6 0-33.9l136-136c9.4-9.5 24.6-9.5 34-.1zm-34-192L7 199.7c-9.4 9.4-9.4 24.6 0 33.9l22.6 22.6c9.4 9.4 24.6 9.4 33.9 0l96.4-96.4 96.4 96.4c9.4 9.4 24.6 9.4 33.9 0l22.6-22.6c9.4-9.4 9.4-24.6 0-33.9l-136-136c-9.2-9.4-24.4-9.4-33.8 0z\"><\/path><\/svg><br \/>\n\t\t\t\t\t\t\t\t\t\t\t\t<a tabindex=\"0\">E<\/a><\/p>\n<p>Exerc\u00edcio da espiritualidade<\/p>\n<p>\t\t\t\t\t\t\t\t\t\t\t\t\t\t\t<svg viewBox=\"0 0 320 512\" xmlns=\"http:\/\/www.w3.org\/2000\/svg\"><path d=\"M31.3 192h257.3c17.8 0 26.7 21.5 14.1 34.1L174.1 354.8c-7.8 7.8-20.5 7.8-28.3 0L17.2 226.1C4.6 213.5 13.5 192 31.3 192z\"><\/path><\/svg><br \/>\n\t\t\t\t\t\t\t\t<svg viewBox=\"0 0 320 512\" xmlns=\"http:\/\/www.w3.org\/2000\/svg\"><path d=\"M177 255.7l136 136c9.4 9.4 9.4 24.6 0 33.9l-22.6 22.6c-9.4 9.4-24.6 9.4-33.9 0L160 351.9l-96.4 96.4c-9.4 9.4-24.6 9.4-33.9 0L7 425.7c-9.4-9.4-9.4-24.6 0-33.9l136-136c9.4-9.5 24.6-9.5 34-.1zm-34-192L7 199.7c-9.4 9.4-9.4 24.6 0 33.9l22.6 22.6c9.4 9.4 24.6 9.4 33.9 0l96.4-96.4 96.4 96.4c9.4 9.4 24.6 9.4 33.9 0l22.6-22.6c9.4-9.4 9.4-24.6 0-33.9l-136-136c-9.2-9.4-24.4-9.4-33.8 0z\"><\/path><\/svg><br \/>\n\t\t\t\t\t\t\t\t\t\t\t\t<a tabindex=\"0\">R<\/a><\/p>\n<p>Reinser\u00e7\u00e3o social<\/p>\n","protected":false},"excerpt":{"rendered":"<p>Somos uma Organiza\u00e7\u00e3o da Sociedade Civil, sem fins lucrativos, criada em 2003, a partir da experi\u00eancia de uma fam\u00edlia que enfrentou o desafio da supera\u00e7\u00e3o ao uso compulsivo de drogas e, a partir de ent\u00e3o, sentiu o desejo de auxiliar outras pessoas e suas fam\u00edlias, que passam pelas mesmas dificuldades. Nosso servi\u00e7o \u00e9 gratuito e<a href=\"http:\/\/5.189.177.133\/index.php\/quem-somos\/\" class=\"read-more\">Read More &#8230;<\/a><\/p>\n","protected":false},"author":1,"featured_media":0,"parent":0,"menu_order":0,"comment_status":"closed","ping_status":"closed","template":"","meta":{"_kadence_starter_templates_imported_post":false,"footnotes":""},"class_list":["post-555","page","type-page","status-publish","hentry"],"_links":{"self":[{"href":"http:\/\/5.189.177.133\/index.php\/wp-json\/wp\/v2\/pages\/555","targetHints":{"allow":["GET"]}}],"collection":[{"href":"http:\/\/5.189.177.133\/index.php\/wp-json\/wp\/v2\/pages"}],"about":[{"href":"http:\/\/5.189.177.133\/index.php\/wp-json\/wp\/v2\/types\/page"}],"author":[{"embeddable":true,"href":"http:\/\/5.189.177.133\/index.php\/wp-json\/wp\/v2\/users\/1"}],"replies":[{"embeddable":true,"href":"http:\/\/5.189.177.133\/index.php\/wp-json\/wp\/v2\/comments?post=555"}],"version-history":[{"count":0,"href":"http:\/\/5.189.177.133\/index.php\/wp-json\/wp\/v2\/pages\/555\/revisions"}],"wp:attachment":[{"href":"http:\/\/5.189.177.133\/index.php\/wp-json\/wp\/v2\/media?parent=555"}],"curies":[{"name":"wp","href":"https:\/\/api.w.org\/{rel}","templated":true}]}}