{"id":6126,"date":"2019-08-13T04:18:01","date_gmt":"2019-08-13T07:18:01","guid":{"rendered":"http:\/\/saravida.org.br\/?page_id=6126"},"modified":"2019-08-13T04:18:01","modified_gmt":"2019-08-13T07:18:01","slug":"campanhas-de-doacao","status":"publish","type":"page","link":"http:\/\/5.189.177.133\/index.php\/quero-ajudar\/campanhas-de-doacao\/","title":{"rendered":"Campanhas de Doa\u00e7\u00e3o"},"content":{"rendered":"<div id=\"pl-6126\"  class=\"panel-layout\" >\n<div id=\"pg-6126-0\"  class=\"panel-grid panel-no-style\"  data-style=\"{&quot;background_display&quot;:&quot;tile&quot;,&quot;cell_alignment&quot;:&quot;flex-start&quot;}\"  data-ratio=\"1\"  data-ratio-direction=\"right\" >\n<div id=\"pgc-6126-0-0\"  class=\"panel-grid-cell\"  data-weight=\"1\" >\n<div id=\"panel-6126-0-0-0\" class=\"so-panel widget widget_list-post panel-first-child\" data-index=\"0\" data-style=\"{&#34;background_image_attachment&#34;:false,&#34;background_display&#34;:&#34;tile&#34;}\" >\n<div class=\"thim-widget-list-post thim-widget-list-post-base\">\n<div class=\"thim-list-post-wrapper-simple list-post-style3\">\n<div class=\"inner-list\">\n<h3 class=\"widget-title\">Campanhas em andamento<\/h3>\n<div class=\"list-posts row\">\n<div class=\"item-post col-xs-6 col-md-4 post-6153 type-post status-publish format-standard has-post-thumbnail hentry category-campanhas\">\n<div class=\"article-title-wrapper\">\n<div class=\"article-inner\">\n<div class=\"media\">\n\t\t\t\t\t\t\t\t\t\t\t\t\t\t\t\t\t<a href=\"http:\/\/saravida.org.br\/campanha-da-semana-material-de-limpeza\/\"><br \/>\n\t\t\t\t\t\t\t\t\t\t<img decoding=\"async\" src=\"http:\/\/5.189.177.133\/wp-content\/uploads\/2017\/07\/limpeza-370x270.jpg\"\n\t\t\t\t\t\t\t\t\t\t     alt=\"Campanha da semana-Material de Limpeza\"\n\t\t\t\t\t\t\t\t\t\t     title=\"Campanha da semana-Material de Limpeza\"\/><br \/>\n\t\t\t\t\t\t\t\t\t<\/a>\n\t\t\t\t\t\t\t\t\t\t\t\t\t\t\t<\/div>\n<div class=\"post-content\">\n\t\t\t\t\t\t\t\t<a href=\"http:\/\/saravida.org.br\/campanha-da-semana-material-de-limpeza\/\"\n\t\t\t\t\t\t\t\t   class=\"article-title\"><\/p>\n<h3 class=\"title\">Campanha da semana-Material de Limpeza<\/h3>\n<p><\/a><\/p>\n<div class=\"post-info\">\n\t\t\t\t\t\t\t\t\t\t\t\t\t\t\t\t\t\t\t\t\t<span class=\"article-date\">24 agosto, 2019<\/span>\n\t\t\t\t\t\t\t\t\t\t\t\t\t\t\t\t\t\t\t<\/div>\n<div class=\"thim-post-content\">\n<p>\nAs casas de Recupera\u00e7\u00e3o precisam muito de sua doa\u00e7\u00e3o, entregue o material de limpeza nos pontos de coleta abaixo.<\/p>\n<\/p><\/div>\n<\/p><\/div>\n<p>\t\t\t\t\t\t\t<a href=\"http:\/\/saravida.org.br\/campanha-da-semana-material-de-limpeza\/\" class=\"thim-button readmore style7\">Saiba mais<\/a>\n\t\t\t\t\t\t<\/div>\n<\/p><\/div>\n<\/p><\/div>\n<div class=\"item-post col-xs-6 col-md-4 post-6150 type-post status-publish format-standard has-post-thumbnail hentry category-campanhas\">\n<div class=\"article-title-wrapper\">\n<div class=\"article-inner\">\n<div class=\"media\">\n\t\t\t\t\t\t\t\t\t\t\t\t\t\t\t\t\t<a href=\"http:\/\/saravida.org.br\/seja-um-mantenedor-saravida\/\"><br \/>\n\t\t\t\t\t\t\t\t\t\t<img decoding=\"async\" src=\"http:\/\/5.189.177.133\/wp-content\/uploads\/2018\/11\/43669120_1026996854139176_1320673873397547008_n-370x270.png\"\n\t\t\t\t\t\t\t\t\t\t     alt=\"Seja um Mantenedor Saravida\"\n\t\t\t\t\t\t\t\t\t\t     title=\"Seja um Mantenedor Saravida\"\/><br \/>\n\t\t\t\t\t\t\t\t\t<\/a>\n\t\t\t\t\t\t\t\t\t\t\t\t\t\t\t<\/div>\n<div class=\"post-content\">\n\t\t\t\t\t\t\t\t<a href=\"http:\/\/saravida.org.br\/seja-um-mantenedor-saravida\/\"\n\t\t\t\t\t\t\t\t   class=\"article-title\"><\/p>\n<h3 class=\"title\">Seja um Mantenedor Saravida<\/h3>\n<p><\/a><\/p>\n<div class=\"post-info\">\n\t\t\t\t\t\t\t\t\t\t\t\t\t\t\t\t\t\t\t\t\t<span class=\"article-date\">24 agosto, 2019<\/span>\n\t\t\t\t\t\t\t\t\t\t\t\t\t\t\t\t\t\t\t<\/div>\n<div class=\"thim-post-content\">\n<p>\nA maior mudan\u00e7a come\u00e7a em n\u00f3s mesmos, e para contribuir conosco, \u00e9 apenas de VOC\u00ca que precisamos. Entre em contato conosco pelo telefone (81) 3222-2728.<\/p>\n<\/p><\/div>\n<\/p><\/div>\n<p>\t\t\t\t\t\t\t<a href=\"http:\/\/saravida.org.br\/seja-um-mantenedor-saravida\/\" class=\"thim-button readmore style7\">Saiba mais<\/a>\n\t\t\t\t\t\t<\/div>\n<\/p><\/div>\n<\/p><\/div>\n<div class=\"item-post col-xs-6 col-md-4 post-6148 type-post status-publish format-aside has-post-thumbnail hentry category-campanhas post_format-post-format-aside\">\n<div class=\"article-title-wrapper\">\n<div class=\"article-inner\">\n<div class=\"media\">\n\t\t\t\t\t\t\t\t\t\t\t\t\t\t\t\t\t<a href=\"http:\/\/saravida.org.br\/tive-fome-e-me-deste-de-comer\/\"><br \/>\n\t\t\t\t\t\t\t\t\t\t<img decoding=\"async\" src=\"http:\/\/5.189.177.133\/wp-content\/uploads\/2017\/07\/fome1-370x270.jpg\"\n\t\t\t\t\t\t\t\t\t\t     alt=\"Tive fome e me deste de comer\"\n\t\t\t\t\t\t\t\t\t\t     title=\"Tive fome e me deste de comer\"\/><br \/>\n\t\t\t\t\t\t\t\t\t<\/a>\n\t\t\t\t\t\t\t\t\t\t\t\t\t\t\t<\/div>\n<div class=\"post-content\">\n\t\t\t\t\t\t\t\t<a href=\"http:\/\/saravida.org.br\/tive-fome-e-me-deste-de-comer\/\"\n\t\t\t\t\t\t\t\t   class=\"article-title\"><\/p>\n<h3 class=\"title\">Tive fome e me deste de comer<\/h3>\n<p><\/a><\/p>\n<div class=\"post-info\">\n\t\t\t\t\t\t\t\t\t\t\t\t\t\t\t\t\t\t\t\t\t<span class=\"article-date\">24 agosto, 2019<\/span>\n\t\t\t\t\t\t\t\t\t\t\t\t\t\t\t\t\t\t\t<\/div>\n<div class=\"thim-post-content\">\n\t\t\t\t\t\t\t\t\t\t\t\t\t\t\t\t\t<\/div>\n<\/p><\/div>\n<p>\t\t\t\t\t\t\t<a href=\"http:\/\/saravida.org.br\/tive-fome-e-me-deste-de-comer\/\" class=\"thim-button readmore style7\">Saiba mais<\/a>\n\t\t\t\t\t\t<\/div>\n<\/p><\/div>\n<\/p><\/div>\n<\/p><\/div>\n<\/p><\/div>\n<\/p><\/div>\n<\/p><\/div>\n<\/div>\n<div id=\"panel-6126-0-0-1\" class=\"so-panel widget widget_text panel-last-child\" data-index=\"1\" data-style=\"{&quot;background_image_attachment&quot;:false,&quot;background_display&quot;:&quot;tile&quot;}\" >\n<div class=\"textwidget\">\n<hr \/>\n<\/div><\/div>\n<\/div>\n<\/div>\n<div id=\"pg-6126-1\"  class=\"panel-grid panel-no-style\"  data-style=\"{&quot;background_display&quot;:&quot;tile&quot;,&quot;bottom_margin&quot;:&quot;10px&quot;,&quot;cell_alignment&quot;:&quot;center&quot;}\"  data-ratio=\"1\"  data-ratio-direction=\"right\" >\n<div id=\"pgc-6126-1-0\"  class=\"panel-grid-cell\"  data-weight=\"0.33333333333333\" >\n<div id=\"panel-6126-1-0-0\" class=\"so-panel widget widget_media_image panel-first-child\" data-index=\"2\" data-style=\"{&quot;widget_css&quot;:&quot;center&quot;,&quot;background_display&quot;:&quot;tile&quot;}\" ><img loading=\"lazy\" decoding=\"async\" width=\"75\" height=\"75\" src=\"http:\/\/5.189.177.133\/wp-content\/uploads\/2014\/05\/ICONE_parceiro-1.png\" class=\"image wp-image-56  attachment-full size-full\" alt=\"\" style=\"max-width: 100%; height: auto;\" \/><\/div>\n<div id=\"panel-6126-1-0-1\" class=\"so-panel widget widget_text panel-last-child\" data-index=\"3\" data-style=\"{&quot;background_display&quot;:&quot;tile&quot;}\" >\n<h3 class=\"widget-title\">PARA DOAR R$ 10,00<\/h3>\n<div class=\"textwidget\">\n<div class=\"textwidget custom-html-widget\">Essa doa\u00e7\u00e3o ajuda a manter as comunidades terap\u00eauticas funcionando. Voc\u00ea tem um grande cora\u00e7\u00e3o.<\/div>\n<\/div><\/div>\n<\/div>\n<div id=\"pgc-6126-1-1\"  class=\"panel-grid-cell\"  data-style=\"{&quot;background_display&quot;:&quot;tile&quot;,&quot;vertical_alignment&quot;:&quot;auto&quot;}\"  data-weight=\"0.33333333333333\" >\n<div id=\"panel-6126-1-1-0\" class=\"so-panel widget widget_media_image panel-first-child\" data-index=\"4\" data-style=\"{&quot;background_display&quot;:&quot;tile&quot;}\" ><img loading=\"lazy\" decoding=\"async\" width=\"75\" height=\"75\" src=\"http:\/\/5.189.177.133\/wp-content\/uploads\/2014\/05\/ICONE_doador-1.png\" class=\"image wp-image-50  attachment-full size-full\" alt=\"\" style=\"max-width: 100%; height: auto;\" \/><\/div>\n<div id=\"panel-6126-1-1-1\" class=\"so-panel widget widget_text panel-last-child\" data-index=\"5\" data-style=\"{&quot;background_display&quot;:&quot;tile&quot;}\" >\n<h3 class=\"widget-title\">PARA DOAR R$ 30,00<\/h3>\n<div class=\"textwidget\">\n<div class=\"textwidget custom-html-widget\">\n<div class=\"textwidget custom-html-widget\">Essa doa\u00e7\u00e3o equivale a alimenta\u00e7\u00e3o de um(a) acolhido(a) na comunidade terap\u00eautica por um dia. Voc\u00ea est\u00e1 alimentando pessoas clicando nesse bot\u00e3o.<\/div>\n<\/div>\n<\/div><\/div>\n<\/div>\n<div id=\"pgc-6126-1-2\"  class=\"panel-grid-cell\"  data-weight=\"0.33333333333333\" >\n<div id=\"panel-6126-1-2-0\" class=\"so-panel widget widget_media_image panel-first-child\" data-index=\"6\" data-style=\"{&quot;background_display&quot;:&quot;tile&quot;}\" ><img loading=\"lazy\" decoding=\"async\" width=\"75\" height=\"75\" src=\"http:\/\/5.189.177.133\/wp-content\/uploads\/2014\/05\/ICONE_voluntario-1.png\" class=\"image wp-image-58  attachment-full size-full\" alt=\"\" style=\"max-width: 100%; height: auto;\" \/><\/div>\n<div id=\"panel-6126-1-2-1\" class=\"so-panel widget widget_text panel-last-child\" data-index=\"7\" data-style=\"{&quot;background_display&quot;:&quot;tile&quot;}\" >\n<h3 class=\"widget-title\">PARA DOAR R$ 50,00<\/h3>\n<div class=\"textwidget\">\n<div class=\"textwidget custom-html-widget\">\n<div class=\"textwidget custom-html-widget\">\n<div class=\"textwidget custom-html-widget\">Essa doa\u00e7\u00e3o equivale a atividades em oficinas de arte e educa\u00e7\u00e3o de um(a) acolhido(a) por uma semana. Voc\u00ea est\u00e1 transformando pessoas clicando nesse bot\u00e3o.<\/div>\n<\/div>\n<\/div>\n<\/div><\/div>\n<\/div>\n<\/div>\n<div id=\"pg-6126-2\"  class=\"panel-grid panel-no-style\"  data-style=\"{&quot;background_display&quot;:&quot;tile&quot;,&quot;cell_alignment&quot;:&quot;flex-start&quot;}\"  data-ratio=\"1\"  data-ratio-direction=\"right\" >\n<div id=\"pgc-6126-2-0\"  class=\"panel-grid-cell\"  data-weight=\"0.16666666666667\" >\n<div id=\"panel-6126-2-0-0\" class=\"so-panel widget widget_sow-button panel-first-child panel-last-child\" data-index=\"8\" data-style=\"{&quot;background_display&quot;:&quot;tile&quot;}\" >\n<div class=\"so-widget-sow-button so-widget-sow-button-atom-70591965b2f0\">\n<div class=\"ow-button-base ow-button-align-center\">\n\t<a href=\"https:\/\/pagamento.gerencianet.com.br\/botao-de-pagamento\/0ce44ecb-a83d-4d44-8c10-92a65ad5c21e\" class=\" ow-button-hover\" target=\"_blank\" rel=\"noopener noreferrer\" \t\t><br \/>\n\t\t<span><br \/>\n\t\t\t<span class=\"sow-icon-fontawesome\" data-sow-icon=\"&#xf1ae;\" style=\"color: #ffffff\"><\/span><br \/>\n\t\t\tAssinar\t\t<\/span><br \/>\n\t<\/a>\n<\/div>\n<\/div>\n<\/div>\n<\/div>\n<div id=\"pgc-6126-2-1\"  class=\"panel-grid-cell\"  data-weight=\"0.16666666666667\" >\n<div id=\"panel-6126-2-1-0\" class=\"so-panel widget widget_sow-button panel-first-child panel-last-child\" data-index=\"9\" data-style=\"{&quot;background_display&quot;:&quot;tile&quot;}\" >\n<div class=\"so-widget-sow-button so-widget-sow-button-atom-e1ebee903e5a\">\n<div class=\"ow-button-base ow-button-align-center\">\n\t<a href=\"https:\/\/pagamento.gerencianet.com.br\/botao-de-pagamento\/f99d386e-f3bd-4351-bac9-c682dc36d169\" class=\" ow-button-hover\" target=\"_blank\" rel=\"noopener noreferrer\" \t\t><br \/>\n\t\t<span><\/p>\n<p>\t\t\tDoe Agora\t\t<\/span><br \/>\n\t<\/a>\n<\/div>\n<\/div>\n<\/div>\n<\/div>\n<div id=\"pgc-6126-2-2\"  class=\"panel-grid-cell\"  data-style=\"{&quot;background_display&quot;:&quot;tile&quot;,&quot;vertical_alignment&quot;:&quot;auto&quot;}\"  data-weight=\"0.16666666666667\" >\n<div id=\"panel-6126-2-2-0\" class=\"so-panel widget widget_sow-button panel-first-child panel-last-child\" data-index=\"10\" data-style=\"{&quot;background_display&quot;:&quot;tile&quot;}\" >\n<div class=\"so-widget-sow-button so-widget-sow-button-atom-70591965b2f0\">\n<div class=\"ow-button-base ow-button-align-center\">\n\t<a href=\"https:\/\/pagamento.gerencianet.com.br\/botao-de-pagamento\/275a1746-d2ed-4713-883e-649ee3e38710\" class=\" ow-button-hover\" target=\"_blank\" rel=\"noopener noreferrer\" \t\t><br \/>\n\t\t<span><br \/>\n\t\t\t<span class=\"sow-icon-fontawesome\" data-sow-icon=\"&#xf1ae;\" style=\"color: #ffffff\"><\/span><br \/>\n\t\t\tAssinar\t\t<\/span><br \/>\n\t<\/a>\n<\/div>\n<\/div>\n<\/div>\n<\/div>\n<div id=\"pgc-6126-2-3\"  class=\"panel-grid-cell\"  data-style=\"{&quot;background_display&quot;:&quot;tile&quot;,&quot;vertical_alignment&quot;:&quot;auto&quot;}\"  data-weight=\"0.16666666666667\" >\n<div id=\"panel-6126-2-3-0\" class=\"so-panel widget widget_sow-button panel-first-child panel-last-child\" data-index=\"11\" data-style=\"{&quot;background_display&quot;:&quot;tile&quot;}\" >\n<div class=\"so-widget-sow-button so-widget-sow-button-atom-e1ebee903e5a\">\n<div class=\"ow-button-base ow-button-align-center\">\n\t<a href=\"https:\/\/pagamento.gerencianet.com.br\/botao-de-pagamento\/c70054e9-9be0-4ace-b7cd-346162b80f7c\" class=\" ow-button-hover\" target=\"_blank\" rel=\"noopener noreferrer\" \t\t><br \/>\n\t\t<span><\/p>\n<p>\t\t\tDoe Agora\t\t<\/span><br \/>\n\t<\/a>\n<\/div>\n<\/div>\n<\/div>\n<\/div>\n<div id=\"pgc-6126-2-4\"  class=\"panel-grid-cell\"  data-style=\"{&quot;background_display&quot;:&quot;tile&quot;,&quot;vertical_alignment&quot;:&quot;auto&quot;}\"  data-weight=\"0.16666666666667\" >\n<div id=\"panel-6126-2-4-0\" class=\"so-panel widget widget_sow-button panel-first-child panel-last-child\" data-index=\"12\" data-style=\"{&quot;background_display&quot;:&quot;tile&quot;}\" >\n<div class=\"so-widget-sow-button so-widget-sow-button-atom-70591965b2f0\">\n<div class=\"ow-button-base ow-button-align-center\">\n\t<a href=\"https:\/\/pagamento.gerencianet.com.br\/botao-de-pagamento\/e78ae9d5-80f2-43a2-9fac-533dfdfa77e9\" class=\" ow-button-hover\" target=\"_blank\" rel=\"noopener noreferrer\" \t\t><br \/>\n\t\t<span><br \/>\n\t\t\t<span class=\"sow-icon-fontawesome\" data-sow-icon=\"&#xf1ae;\" style=\"color: #ffffff\"><\/span><br \/>\n\t\t\tAssinar\t\t<\/span><br \/>\n\t<\/a>\n<\/div>\n<\/div>\n<\/div>\n<\/div>\n<div id=\"pgc-6126-2-5\"  class=\"panel-grid-cell\"  data-weight=\"0.16666666666667\" >\n<div id=\"panel-6126-2-5-0\" class=\"so-panel widget widget_sow-button panel-first-child panel-last-child\" data-index=\"13\" data-style=\"{&quot;background_display&quot;:&quot;tile&quot;}\" >\n<div class=\"so-widget-sow-button so-widget-sow-button-atom-e1ebee903e5a\">\n<div class=\"ow-button-base ow-button-align-center\">\n\t<a href=\"https:\/\/pagamento.gerencianet.com.br\/botao-de-pagamento\/238999f5-de3a-43be-9fb2-f89486299b0b\" class=\" ow-button-hover\" target=\"_blank\" rel=\"noopener noreferrer\" \t\t><br \/>\n\t\t<span><\/p>\n<p>\t\t\tDoe Agora\t\t<\/span><br \/>\n\t<\/a>\n<\/div>\n<\/div>\n<\/div>\n<\/div>\n<\/div>\n<div id=\"pg-6126-3\"  class=\"panel-grid panel-no-style\"  data-style=\"{&quot;background_display&quot;:&quot;tile&quot;,&quot;cell_alignment&quot;:&quot;flex-start&quot;}\"  data-ratio=\"1\"  data-ratio-direction=\"right\" >\n<div id=\"pgc-6126-3-0\"  class=\"panel-grid-cell\"  data-weight=\"1\" >\n<div id=\"panel-6126-3-0-0\" class=\"so-panel widget widget_text panel-first-child panel-last-child\" data-index=\"14\" data-style=\"{&quot;background_display&quot;:&quot;tile&quot;}\" >\n<div class=\"textwidget\">\n<p>* No bot\u00e3o &#8220;Assinar&#8221; voc\u00ea doa todo m\u00eas o mesmo valor. No bot\u00e3o &#8220;Doe Agora&#8221; voc\u00ea doa apenas uma vez.<\/p>\n<\/div><\/div>\n<\/div>\n<\/div>\n<\/div>\n","protected":false},"excerpt":{"rendered":"<p>Campanhas em andamento Campanha da semana-Material de Limpeza 24 agosto, 2019 As casas de Recupera\u00e7\u00e3o precisam muito de sua doa\u00e7\u00e3o, entregue o material de limpeza nos pontos de coleta abaixo. Saiba mais Seja um Mantenedor Saravida 24 agosto, 2019 A maior mudan\u00e7a come\u00e7a em n\u00f3s mesmos, e para contribuir conosco, \u00e9 apenas de VOC\u00ca que<a href=\"http:\/\/5.189.177.133\/index.php\/quero-ajudar\/campanhas-de-doacao\/\" class=\"read-more\">Read More &#8230;<\/a><\/p>\n","protected":false},"author":1,"featured_media":0,"parent":92,"menu_order":0,"comment_status":"closed","ping_status":"closed","template":"","meta":{"_kadence_starter_templates_imported_post":false,"footnotes":""},"class_list":["post-6126","page","type-page","status-publish","hentry"],"_links":{"self":[{"href":"http:\/\/5.189.177.133\/index.php\/wp-json\/wp\/v2\/pages\/6126","targetHints":{"allow":["GET"]}}],"collection":[{"href":"http:\/\/5.189.177.133\/index.php\/wp-json\/wp\/v2\/pages"}],"about":[{"href":"http:\/\/5.189.177.133\/index.php\/wp-json\/wp\/v2\/types\/page"}],"author":[{"embeddable":true,"href":"http:\/\/5.189.177.133\/index.php\/wp-json\/wp\/v2\/users\/1"}],"replies":[{"embeddable":true,"href":"http:\/\/5.189.177.133\/index.php\/wp-json\/wp\/v2\/comments?post=6126"}],"version-history":[{"count":0,"href":"http:\/\/5.189.177.133\/index.php\/wp-json\/wp\/v2\/pages\/6126\/revisions"}],"up":[{"embeddable":true,"href":"http:\/\/5.189.177.133\/index.php\/wp-json\/wp\/v2\/pages\/92"}],"wp:attachment":[{"href":"http:\/\/5.189.177.133\/index.php\/wp-json\/wp\/v2\/media?parent=6126"}],"curies":[{"name":"wp","href":"https:\/\/api.w.org\/{rel}","templated":true}]}}