{"id":6195,"date":"2019-08-25T02:39:15","date_gmt":"2019-08-25T05:39:15","guid":{"rendered":"http:\/\/saravida.org.br\/?page_id=6195"},"modified":"2019-08-25T02:39:15","modified_gmt":"2019-08-25T05:39:15","slug":"doe","status":"publish","type":"page","link":"http:\/\/5.189.177.133\/index.php\/quero-ajudar\/doe\/","title":{"rendered":"Doe"},"content":{"rendered":"<h3 style=\"text-align: center;\">Voc\u00ea pode fazer sua doa\u00e7\u00e3o atrav\u00e9s de transfer\u00eancia bancaria:<\/h3>\n<h4 style=\"text-align: center;\"><img loading=\"lazy\" decoding=\"async\" src=\"http:\/\/5.189.177.133\/wp-content\/uploads\/2019\/08\/logo-banco-do-brasil.png\" alt=\"logo banco do brasil\" width=\"94\" height=\"95\" \/>Banco do Brasil<br \/>Conta Corrente: 9200-2<br \/>Ag\u00eancia: 0007-8<br \/>CNPJ: 05.818.105\/0001-76<br \/>SOCIEDADE ASSISTENCIAL SARAVIDA.<\/h4>\n<h5 style=\"text-align: center; color: red;\">Caso seu banco n\u00e3o use d\u00edgito no preenchimento da ag\u00eancia informe apenas 0007<\/h5>\n<p>\u00a0\t\t<\/p>\n<h3>\n<h2 data-elementor-setting-key=\"title\" data-pen-placeholder=\"Digite aqui...\" style=\"font-family: var( --e-global-typography-primary-font-family ), Sans-serif; font-weight: var( --e-global-typography-primary-font-weight ); color: rgb(255, 0, 0);\">Cota Bronze<\/h2>\n<\/h3>\n<p>\n\t\t\t\t\t\tDoe R$ 500,00 clicando no bot\u00e3o abaixo.\t\t\t\t\t<\/p>\n<p>\t\t\t<a href=\"https:\/\/pagamento.gerencianet.com.br\/botao-de-pagamento\/d74f6a8f-1cdc-4c74-859c-bfe55ad70456\" role=\"button\"><br \/>\n\t\t\t\t\t\tQuero Ajudar<br \/>\n\t\t\t\t\t<\/a><\/p>\n<h3>\n<h2 data-elementor-setting-key=\"title\" data-pen-placeholder=\"Digite aqui...\" style=\"font-family: var( --e-global-typography-primary-font-family ), Sans-serif; font-weight: var( --e-global-typography-primary-font-weight ); color: rgb(255, 0, 0);\">Cota Prata<\/h2>\n<\/h3>\n<p>\n\t\t\t\t\t\tDoe R$ 1.000,00 clicando no bot\u00e3o abaixo.\t\t\t\t\t<\/p>\n<p>\t\t\t<a href=\"https:\/\/pagamento.gerencianet.com.br\/botao-de-pagamento\/301b8ba7-5631-4ca8-933a-2d0646c0d4da\" role=\"button\"><br \/>\n\t\t\t\t\t\tQuero Ajudar<br \/>\n\t\t\t\t\t<\/a><\/p>\n<h3>\n<h2 data-elementor-setting-key=\"title\" data-pen-placeholder=\"Digite aqui...\" style=\"font-family: var( --e-global-typography-primary-font-family ), Sans-serif; font-weight: var( --e-global-typography-primary-font-weight ); color: rgb(255, 0, 0);\">Cota Ouro<\/h2>\n<\/h3>\n<p>\n\t\t\t\t\t\tDoe R$ 5.000,00 clicando no bot\u00e3o abaixo.\t\t\t\t\t<\/p>\n<p>\t\t\t<a href=\"https:\/\/pagamento.gerencianet.com.br\/botao-de-pagamento\/971b4f6e-5799-4ab4-86f2-fe843bfe35a7\" role=\"button\"><br \/>\n\t\t\t\t\t\tQuero Ajudar<br \/>\n\t\t\t\t\t<\/a><br \/>\n\t\t\u00a0<img loading=\"lazy\" decoding=\"async\" style=\"max-width: 100%; height: auto;\" src=\"https:\/\/saravida.org.br\/wp-content\/uploads\/2014\/05\/ICONE_parceiro-1.png\" alt=\"\" width=\"75\" height=\"75\" \/><\/p>\n<h3>PARA DOAR R$ 25,00<\/h3>\n<p>Essa doa\u00e7\u00e3o ajuda a manter as comunidades terap\u00eauticas funcionando. Voc\u00ea tem um grande cora\u00e7\u00e3o.<a href=\"https:\/\/pagamento.gerencianet.com.br\/botao-de-pagamento\/80a52e01-2279-4c13-847d-a26e19322278\" target=\"_blank\" rel=\"noopener noreferrer\"><\/p>\n<p>Doar Mensal <br \/><\/a><a href=\"https:\/\/pagamento.gerencianet.com.br\/botao-de-pagamento\/27508a29-2cb0-45d0-b595-ba6f5bebbd5a\" target=\"_blank\" rel=\"noopener noreferrer\"><br \/><\/a><\/p>\n<p>Doar uma vez<\/p>\n<p><img loading=\"lazy\" decoding=\"async\" style=\"max-width: 100%; height: auto;\" src=\"https:\/\/saravida.org.br\/wp-content\/uploads\/2014\/05\/ICONE_parceiro-1.png\" alt=\"\" width=\"75\" height=\"75\" \/><\/p>\n<h3>PARA DOAR R$ 50,00<\/h3>\n<p>Equivale a atividades em oficinas de arte e educa\u00e7\u00e3o de um(a) acolhido(a) por uma semana. Voc\u00ea est\u00e1 transformando vidas.<a href=\"https:\/\/pagamento.gerencianet.com.br\/botao-de-pagamento\/fd4485cb-67f1-45f1-b897-2300abc360bf\" target=\"_blank\" rel=\"noopener noreferrer\"><\/p>\n<p>Doar Mensal <br \/><\/a><a href=\"https:\/\/pagamento.gerencianet.com.br\/botao-de-pagamento\/fb0011e8-4bbd-4a07-ac4d-b16fe7eb4a8a\" target=\"_blank\" rel=\"noopener noreferrer\"><br \/><\/a><\/p>\n<p>Doar uma Vez<\/p>\n<p><img loading=\"lazy\" decoding=\"async\" style=\"max-width: 100%; height: auto;\" src=\"https:\/\/saravida.org.br\/wp-content\/uploads\/2014\/05\/ICONE_parceiro-1.png\" alt=\"\" width=\"75\" height=\"75\" \/><\/p>\n<h3>PARA DOAR R$ 100,00<\/h3>\n<p>Voc\u00ea \u00e9 um grande doador, Voc\u00ea est\u00e1 ajudando a recuperar vidas clicando nesse bot\u00e3o.<a href=\"https:\/\/pagamento.gerencianet.com.br\/botao-de-pagamento\/e0d6e0e2-8131-4817-a0a2-4a81130915aa\" target=\"_blank\" rel=\"noopener noreferrer\"><\/p>\n<p>Doar Mensal <br \/><\/a><a href=\"https:\/\/pagamento.gerencianet.com.br\/botao-de-pagamento\/b73643e6-1f26-4bdd-a0f7-156c47aa69c3\" target=\"_blank\" rel=\"noopener noreferrer\"><br \/><\/a><\/p>\n<p>Doar uma Vez<\/p>\n<p><img loading=\"lazy\" decoding=\"async\" style=\"max-width: 100%; height: auto;\" src=\"https:\/\/saravida.org.br\/wp-content\/uploads\/2014\/05\/ICONE_doador-1.png\" alt=\"\" width=\"75\" height=\"75\" \/><\/p>\n<h3>PARA DOAR R$ 500,00<\/h3>\n<p>Alimenta\u00e7\u00e3o de um(a) acolhido(a) na comunidade terap\u00eautica por um m\u00eas aproximadamente. Voc\u00ea est\u00e1 alimentando pessoas.<a href=\"https:\/\/pagamento.gerencianet.com.br\/botao-de-pagamento\/2f7fdefe-08b0-463e-af16-6e78444112bf\" target=\"_blank\" rel=\"noopener noreferrer\"><\/p>\n<p>Doar Mensal <br \/><\/a><a href=\"https:\/\/pagamento.gerencianet.com.br\/botao-de-pagamento\/d74f6a8f-1cdc-4c74-859c-bfe55ad70456\" target=\"_blank\" rel=\"noopener noreferrer\"><br \/><\/a><\/p>\n<p>Doar uma Vez<\/p>\n<p><img loading=\"lazy\" decoding=\"async\" style=\"max-width: 100%; height: auto;\" src=\"https:\/\/saravida.org.br\/wp-content\/uploads\/2014\/05\/ICONE_voluntario-1.png\" alt=\"\" width=\"75\" height=\"75\" \/><\/p>\n<h3>PARA DOAR R$ 1000,00<\/h3>\n<p>SUPER DOADOR!<br \/>Voc\u00ea est\u00e1 salvando vidas clicando nesse bot\u00e3o.<a href=\"https:\/\/pagamento.gerencianet.com.br\/botao-de-pagamento\/32b6e89f-7477-46b8-b7b7-66b173f00e58\" target=\"_blank\" rel=\"noopener noreferrer\"><\/p>\n<p>Doar Mensal <br \/><\/a><a href=\"https:\/\/pagamento.gerencianet.com.br\/botao-de-pagamento\/301b8ba7-5631-4ca8-933a-2d0646c0d4da\" target=\"_blank\" rel=\"noopener noreferrer\"><br \/><\/a><\/p>\n<p>Doar uma Vez<\/p>\n<h3>Est\u00e1 com alguma d\u00favida?<\/h3>\n<p>Fale Conosco em um dos n\u00fameros abaixo<\/p>\n<p> <a href=\"tel:813222-2728\"> (81) 3222-2728\u00a0<\/a><\/p>\n<h2 style=\"text-align: center;\">Quero doar outro valor?<\/h2>\n<h3 style=\"text-align: center;\">Se voc\u00ea deseja fazer uma doa\u00e7\u00e3o com valor diferente dos apresentados nos bot\u00f5es acima, preencha o formul\u00e1rio abaixo e entraremos em contato com voc\u00ea.<\/h3>\n<p>[contact-form-7 id=&#8221;7424&#8243; title=&#8221;Formul\u00e1rio para doar outro valor&#8221;]<\/p>\n<h2 style=\"text-align: center;\">Qual a diferen\u00e7a entre o bot\u00e3o Doar Mensalmente e o Doar uma Vez?<\/h2>\n<h3 style=\"text-align: center;\">No bot\u00e3o &#8220;Doar Mensalmente &#8221; voc\u00ea doa todo m\u00eas o mesmo valor no mesmo dia da primeira doa\u00e7\u00e3o. No bot\u00e3o &#8220;Doe Agora&#8221; voc\u00ea doa apenas uma \u00fanica vez.<\/h3>\n","protected":false},"excerpt":{"rendered":"<p>Voc\u00ea pode fazer sua doa\u00e7\u00e3o atrav\u00e9s de transfer\u00eancia bancaria: Banco do BrasilConta Corrente: 9200-2Ag\u00eancia: 0007-8CNPJ: 05.818.105\/0001-76SOCIEDADE ASSISTENCIAL SARAVIDA. Caso seu banco n\u00e3o use d\u00edgito no preenchimento da ag\u00eancia informe apenas 0007 \u00a0 Cota Bronze Doe R$ 500,00 clicando no bot\u00e3o abaixo. Quero Ajudar Cota Prata Doe R$ 1.000,00 clicando no bot\u00e3o abaixo. Quero Ajudar Cota<a href=\"http:\/\/5.189.177.133\/index.php\/quero-ajudar\/doe\/\" class=\"read-more\">Read More &#8230;<\/a><\/p>\n","protected":false},"author":1,"featured_media":0,"parent":92,"menu_order":0,"comment_status":"closed","ping_status":"closed","template":"","meta":{"_kadence_starter_templates_imported_post":false,"footnotes":""},"class_list":["post-6195","page","type-page","status-publish","hentry"],"_links":{"self":[{"href":"http:\/\/5.189.177.133\/index.php\/wp-json\/wp\/v2\/pages\/6195","targetHints":{"allow":["GET"]}}],"collection":[{"href":"http:\/\/5.189.177.133\/index.php\/wp-json\/wp\/v2\/pages"}],"about":[{"href":"http:\/\/5.189.177.133\/index.php\/wp-json\/wp\/v2\/types\/page"}],"author":[{"embeddable":true,"href":"http:\/\/5.189.177.133\/index.php\/wp-json\/wp\/v2\/users\/1"}],"replies":[{"embeddable":true,"href":"http:\/\/5.189.177.133\/index.php\/wp-json\/wp\/v2\/comments?post=6195"}],"version-history":[{"count":0,"href":"http:\/\/5.189.177.133\/index.php\/wp-json\/wp\/v2\/pages\/6195\/revisions"}],"up":[{"embeddable":true,"href":"http:\/\/5.189.177.133\/index.php\/wp-json\/wp\/v2\/pages\/92"}],"wp:attachment":[{"href":"http:\/\/5.189.177.133\/index.php\/wp-json\/wp\/v2\/media?parent=6195"}],"curies":[{"name":"wp","href":"https:\/\/api.w.org\/{rel}","templated":true}]}}