{"id":7730,"date":"2021-10-02T19:32:32","date_gmt":"2021-10-02T22:32:32","guid":{"rendered":"https:\/\/saravida.org.br\/?page_id=7730"},"modified":"2021-10-02T19:32:32","modified_gmt":"2021-10-02T22:32:32","slug":"inicio-2-2","status":"publish","type":"page","link":"http:\/\/5.189.177.133\/index.php\/inicio-2-2\/","title":{"rendered":"In\u00edcio"},"content":{"rendered":"<h3>Acolhendo Vidas Com Amor<\/h3>\n<p>Preven\u00e7\u00e3o as drogas e cuidado a usu\u00e1rios e familiares.<\/p>\n<h3>Nossas A\u00e7\u00f5es<\/h3>\n<p>Confira Nosso Perfil <br \/> no Instagram<a href=\"https:\/\/www.instagram.com\/saravidaoficial\/\">Acesse!<\/a><\/p>\n<h3>__________________________________<br \/>Nos Chame Para Saber Mais <\/h3>\n<p><a href=\"https:\/\/api.whatsapp.com\/send?phone=5581989180058&#038;text=Ol%C3%A1%2C%20acessei%20o%20Whatsapp%20pelo%20site%20da%20Saravida%2C%20quero%20saber%20um%20pouco%20mais.\">Entre Em Contato!<\/a><br \/>\n\t\t\t\t\t\t\t<svg aria-hidden=\"true\" viewBox=\"0 0 1000 1000\" xmlns=\"http:\/\/www.w3.org\/2000\/svg\"><path d=\"M646 125C629 125 613 133 604 142L308 442C296 454 292 471 292 487 292 504 296 521 308 533L604 854C617 867 629 875 646 875 663 875 679 871 692 858 704 846 713 829 713 812 713 796 708 779 692 767L438 487 692 225C700 217 708 204 708 187 708 171 704 154 692 142 675 129 663 125 646 125Z\"><\/path><\/svg><br \/>\n\t\t\t\t\t\t\t<svg aria-hidden=\"true\" viewBox=\"0 0 1000 1000\" xmlns=\"http:\/\/www.w3.org\/2000\/svg\"><path d=\"M696 533C708 521 713 504 713 487 713 471 708 454 696 446L400 146C388 133 375 125 354 125 338 125 325 129 313 142 300 154 292 171 292 187 292 204 296 221 308 233L563 492 304 771C292 783 288 800 288 817 288 833 296 850 308 863 321 871 338 875 354 875 371 875 388 867 400 854L696 533Z\"><\/path><\/svg>\t\t\t\t\t\t<\/p>\n<p style=\"text-align: center\"> Atendimentos por m\u00eas no CAP<br \/>\n\t\t\t\t0<\/p>\n<p style=\"text-align: center\"> Acolhidos nas comunidades terap\u00eauticas<br \/>\n\t\t\t\t0<\/p>\n<p style=\"text-align: center\">Fam\u00edlias  atendidas<br \/>\n\t\t\t\t0<\/p>\n<p style=\"text-align: center\">Beneficiados indiretamente De 2003 \u00e0 2020<br \/>\n\t\t\t\t0<\/p>\n<p style=\"text-align: center;\">Somos uma Organiza\u00e7\u00e3o da Sociedade Civil, sem fins lucrativos, criada em 2003, a partir da experi\u00eancia de uma fam\u00edlia que enfrentou o desafio da supera\u00e7\u00e3o ao uso compulsivo de drogas e, a partir de ent\u00e3o, sentiu o desejo de auxiliar outras pessoas e suas fam\u00edlias, que passam pelas mesmas dificuldades. Nosso servi\u00e7o \u00e9 gratuito e conta com o apoio de uma equipe multidisciplinar, atuando em duas modalidades: o <strong>Acolhimento<\/strong>, ajudando pessoas a superarem o v\u00edcio e a depend\u00eancia de \u00e1lcool e outras drogas, e a <strong>Preven\u00e7\u00e3o<\/strong>, auxiliando e conscientizando estudantes, jovens e familiares de acolhidos com rela\u00e7\u00e3o as problem\u00e1ticas causadas pela droga. Todo nosso trabalho \u00e9 para n\u00f3s uma Miss\u00e3o de Vida e tem a sua ess\u00eancia no Amor ao Pr\u00f3ximo.<\/p>\n<h2>Acolhimento<\/h2>\n<p>\t\t\t<a href=\"#\"><br \/>\n\t\t\t<svg aria-hidden=\"true\" viewBox=\"0 0 512 512\" xmlns=\"http:\/\/www.w3.org\/2000\/svg\"><path d=\"M462.3 62.6C407.5 15.9 326 24.3 275.7 76.2L256 96.5l-19.7-20.3C186.1 24.3 104.5 15.9 49.7 62.6c-62.8 53.6-66.1 149.8-9.9 207.9l193.5 199.8c12.5 12.9 32.8 12.9 45.3 0l193.5-199.8c56.3-58.1 53-154.3-9.8-207.9z\"><\/path><\/svg>\t\t\t<\/a><\/p>\n<h2>Preven\u00e7\u00e3o<\/h2>\n<p>\t\t\t<a href=\"#\"><br \/>\n\t\t\t<svg aria-hidden=\"true\" viewBox=\"0 0 640 512\" xmlns=\"http:\/\/www.w3.org\/2000\/svg\"><path d=\"M272 191.91c-17.6 0-32 14.4-32 32v80c0 8.84-7.16 16-16 16s-16-7.16-16-16v-76.55c0-17.39 4.72-34.47 13.69-49.39l77.75-129.59c9.09-15.16 4.19-34.81-10.97-43.91-14.45-8.67-32.72-4.3-42.3 9.21-.2.23-.62.21-.79.48l-117.26 175.9C117.56 205.9 112 224.31 112 243.29v80.23l-90.12 30.04A31.974 31.974 0 0 0 0 383.91v96c0 10.82 8.52 32 32 32 2.69 0 5.41-.34 8.06-1.03l179.19-46.62C269.16 449.99 304 403.8 304 351.91v-128c0-17.6-14.4-32-32-32zm346.12 161.73L528 323.6v-80.23c0-18.98-5.56-37.39-16.12-53.23L394.62 14.25c-.18-.27-.59-.24-.79-.48-9.58-13.51-27.85-17.88-42.3-9.21-15.16 9.09-20.06 28.75-10.97 43.91l77.75 129.59c8.97 14.92 13.69 32 13.69 49.39V304c0 8.84-7.16 16-16 16s-16-7.16-16-16v-80c0-17.6-14.4-32-32-32s-32 14.4-32 32v128c0 51.89 34.84 98.08 84.75 112.34l179.19 46.62c2.66.69 5.38 1.03 8.06 1.03 23.48 0 32-21.18 32-32v-96c0-13.77-8.81-25.99-21.88-30.35z\"><\/path><\/svg>\t\t\t<\/a><br \/>\n\t\t\t\t\t<a href=\"https:\/\/web.facebook.com\/saravidaoficial\" target=\"_blank\"><br \/>\n\t\t\t\t\t\tFacebook<br \/>\n\t\t\t\t\t\t<svg viewBox=\"0 0 512 512\" xmlns=\"http:\/\/www.w3.org\/2000\/svg\"><path d=\"M504 256C504 119 393 8 256 8S8 119 8 256c0 123.78 90.69 226.38 209.25 245V327.69h-63V256h63v-54.64c0-62.15 37-96.48 93.67-96.48 27.14 0 55.52 4.84 55.52 4.84v61h-31.28c-30.8 0-40.41 19.12-40.41 38.73V256h68.78l-11 71.69h-57.78V501C413.31 482.38 504 379.78 504 256z\"><\/path><\/svg>\t\t\t\t\t<\/a><br \/>\n\t\t\t\t\t<a href=\"https:\/\/www.youtube.com\/user\/rpvidas\" target=\"_blank\"><br \/>\n\t\t\t\t\t\tYoutube<br \/>\n\t\t\t\t\t\t<svg viewBox=\"0 0 576 512\" xmlns=\"http:\/\/www.w3.org\/2000\/svg\"><path d=\"M549.655 124.083c-6.281-23.65-24.787-42.276-48.284-48.597C458.781 64 288 64 288 64S117.22 64 74.629 75.486c-23.497 6.322-42.003 24.947-48.284 48.597-11.412 42.867-11.412 132.305-11.412 132.305s0 89.438 11.412 132.305c6.281 23.65 24.787 41.5 48.284 47.821C117.22 448 288 448 288 448s170.78 0 213.371-11.486c23.497-6.321 42.003-24.171 48.284-47.821 11.412-42.867 11.412-132.305 11.412-132.305s0-89.438-11.412-132.305zm-317.51 213.508V175.185l142.739 81.205-142.739 81.201z\"><\/path><\/svg>\t\t\t\t\t<\/a><br \/>\n\t\t\t\t\t<a href=\"https:\/\/www.instagram.com\/saravidaoficial\/\" target=\"_blank\"><br \/>\n\t\t\t\t\t\tInstagram<br \/>\n\t\t\t\t\t\t<svg viewBox=\"0 0 448 512\" xmlns=\"http:\/\/www.w3.org\/2000\/svg\"><path d=\"M224.1 141c-63.6 0-114.9 51.3-114.9 114.9s51.3 114.9 114.9 114.9S339 319.5 339 255.9 287.7 141 224.1 141zm0 189.6c-41.1 0-74.7-33.5-74.7-74.7s33.5-74.7 74.7-74.7 74.7 33.5 74.7 74.7-33.6 74.7-74.7 74.7zm146.4-194.3c0 14.9-12 26.8-26.8 26.8-14.9 0-26.8-12-26.8-26.8s12-26.8 26.8-26.8 26.8 12 26.8 26.8zm76.1 27.2c-1.7-35.9-9.9-67.7-36.2-93.9-26.2-26.2-58-34.4-93.9-36.2-37-2.1-147.9-2.1-184.9 0-35.8 1.7-67.6 9.9-93.9 36.1s-34.4 58-36.2 93.9c-2.1 37-2.1 147.9 0 184.9 1.7 35.9 9.9 67.7 36.2 93.9s58 34.4 93.9 36.2c37 2.1 147.9 2.1 184.9 0 35.9-1.7 67.7-9.9 93.9-36.2 26.2-26.2 34.4-58 36.2-93.9 2.1-37 2.1-147.8 0-184.8zM398.8 388c-7.8 19.6-22.9 34.7-42.6 42.6-29.5 11.7-99.5 9-132.1 9s-102.7 2.6-132.1-9c-19.6-7.8-34.7-22.9-42.6-42.6-11.7-29.5-9-99.5-9-132.1s-2.6-102.7 9-132.1c7.8-19.6 22.9-34.7 42.6-42.6 29.5-11.7 99.5-9 132.1-9s102.7-2.6 132.1 9c19.6 7.8 34.7 22.9 42.6 42.6 11.7 29.5 9 99.5 9 132.1s2.7 102.7-9 132.1z\"><\/path><\/svg>\t\t\t\t\t<\/a><br \/>\n\t\t\t\t\t<a href=\"https:\/\/api.whatsapp.com\/send?phone=5581989180058&#038;text=Ol%C3%A1%2C%20acessei%20o%20Whatsapp%20pelo%20site%20da%20Saravida%2C%20quero%20saber%20um%20pouco%20mais.\" target=\"_blank\"><br \/>\n\t\t\t\t\t\tWhatsapp<br \/>\n\t\t\t\t\t\t<svg viewBox=\"0 0 448 512\" xmlns=\"http:\/\/www.w3.org\/2000\/svg\"><path d=\"M380.9 97.1C339 55.1 283.2 32 223.9 32c-122.4 0-222 99.6-222 222 0 39.1 10.2 77.3 29.6 111L0 480l117.7-30.9c32.4 17.7 68.9 27 106.1 27h.1c122.3 0 224.1-99.6 224.1-222 0-59.3-25.2-115-67.1-157zm-157 341.6c-33.2 0-65.7-8.9-94-25.7l-6.7-4-69.8 18.3L72 359.2l-4.4-7c-18.5-29.4-28.2-63.3-28.2-98.2 0-101.7 82.8-184.5 184.6-184.5 49.3 0 95.6 19.2 130.4 54.1 34.8 34.9 56.2 81.2 56.1 130.5 0 101.8-84.9 184.6-186.6 184.6zm101.2-138.2c-5.5-2.8-32.8-16.2-37.9-18-5.1-1.9-8.8-2.8-12.5 2.8-3.7 5.6-14.3 18-17.6 21.8-3.2 3.7-6.5 4.2-12 1.4-32.6-16.3-54-29.1-75.5-66-5.7-9.8 5.7-9.1 16.3-30.3 1.8-3.7.9-6.9-.5-9.7-1.4-2.8-12.5-30.1-17.1-41.2-4.5-10.8-9.1-9.3-12.5-9.5-3.2-.2-6.9-.2-10.6-.2-3.7 0-9.7 1.4-14.8 6.9-5.1 5.6-19.4 19-19.4 46.3 0 27.3 19.9 53.7 22.6 57.4 2.8 3.7 39.1 59.7 94.8 83.8 35.2 15.2 49 16.5 66.6 13.9 10.7-1.6 32.8-13.4 37.4-26.4 4.6-13 4.6-24.1 3.2-26.4-1.3-2.5-5-3.9-10.5-6.6z\"><\/path><\/svg>\t\t\t\t\t<\/a><br \/>\n\t\t\t\t\t<a href=\"mailto:contato@saravida.org.br\" target=\"_blank\"><br \/>\n\t\t\t\t\t\tEnvelope<br \/>\n\t\t\t\t\t\t<svg viewBox=\"0 0 512 512\" xmlns=\"http:\/\/www.w3.org\/2000\/svg\"><path d=\"M502.3 190.8c3.9-3.1 9.7-.2 9.7 4.7V400c0 26.5-21.5 48-48 48H48c-26.5 0-48-21.5-48-48V195.6c0-5 5.7-7.8 9.7-4.7 22.4 17.4 52.1 39.5 154.1 113.6 21.1 15.4 56.7 47.8 92.2 47.6 35.7.3 72-32.8 92.3-47.6 102-74.1 131.6-96.3 154-113.7zM256 320c23.2.4 56.6-29.2 73.4-41.4 132.7-96.3 142.8-104.7 173.4-128.7 5.8-4.5 9.2-11.5 9.2-18.9v-19c0-26.5-21.5-48-48-48H48C21.5 64 0 85.5 0 112v19c0 7.4 3.4 14.3 9.2 18.9 30.6 23.9 40.7 32.4 173.4 128.7 16.8 12.2 50.2 41.8 73.4 41.4z\"><\/path><\/svg>\t\t\t\t\t<\/a><\/p>\n<p style=\"text-align: center;\">Cada pessoa acolhida, cada vida recuperada, cada fam\u00edlia restaurada \u00e9 muito importante para n\u00f3s, s\u00e3o provas de que estamos na dire\u00e7\u00e3o certa e que nenhum trabalho e nenhum esfor\u00e7o foi em v\u00e3o.\u00a0Prosseguimos com nossa miss\u00e3o porque\u00a0<\/p>\n<h5 style=\"text-align: center;\">sabemos o verdadeiro valor de uma vida. <\/h5>\n<p>\t\t\t\t\t<a href=\"https:\/\/saravida.org.br\/quero-ajudar\/doe\"><br \/>\n\t\t\t\t\t\t\t\t\tQuero Ajudar !<br \/>\n\t\t\t\t\t<\/a><\/p>\n","protected":false},"excerpt":{"rendered":"<p>Acolhendo Vidas Com Amor Preven\u00e7\u00e3o as drogas e cuidado a usu\u00e1rios e familiares. Nossas A\u00e7\u00f5es Confira Nosso Perfil no InstagramAcesse! __________________________________Nos Chame Para Saber Mais Entre Em Contato! Atendimentos por m\u00eas no CAP 0 Acolhidos nas comunidades terap\u00eauticas 0 Fam\u00edlias atendidas 0 Beneficiados indiretamente De 2003 \u00e0 2020 0 Somos uma Organiza\u00e7\u00e3o da Sociedade Civil,<a href=\"http:\/\/5.189.177.133\/index.php\/inicio-2-2\/\" class=\"read-more\">Read More &#8230;<\/a><\/p>\n","protected":false},"author":1,"featured_media":0,"parent":0,"menu_order":0,"comment_status":"closed","ping_status":"closed","template":"elementor_header_footer","meta":{"_kadence_starter_templates_imported_post":false,"footnotes":""},"class_list":["post-7730","page","type-page","status-publish","hentry"],"_links":{"self":[{"href":"http:\/\/5.189.177.133\/index.php\/wp-json\/wp\/v2\/pages\/7730","targetHints":{"allow":["GET"]}}],"collection":[{"href":"http:\/\/5.189.177.133\/index.php\/wp-json\/wp\/v2\/pages"}],"about":[{"href":"http:\/\/5.189.177.133\/index.php\/wp-json\/wp\/v2\/types\/page"}],"author":[{"embeddable":true,"href":"http:\/\/5.189.177.133\/index.php\/wp-json\/wp\/v2\/users\/1"}],"replies":[{"embeddable":true,"href":"http:\/\/5.189.177.133\/index.php\/wp-json\/wp\/v2\/comments?post=7730"}],"version-history":[{"count":0,"href":"http:\/\/5.189.177.133\/index.php\/wp-json\/wp\/v2\/pages\/7730\/revisions"}],"wp:attachment":[{"href":"http:\/\/5.189.177.133\/index.php\/wp-json\/wp\/v2\/media?parent=7730"}],"curies":[{"name":"wp","href":"https:\/\/api.w.org\/{rel}","templated":true}]}}