{"id":80,"date":"2014-05-28T05:33:45","date_gmt":"2014-05-28T05:33:45","guid":{"rendered":"http:\/\/saravida.org.br\/portal\/?page_id=80"},"modified":"2014-05-28T05:33:45","modified_gmt":"2014-05-28T05:33:45","slug":"quero-ser-um-parceiro","status":"publish","type":"page","link":"http:\/\/5.189.177.133\/index.php\/quero-ajudar\/quero-ser-um-parceiro\/","title":{"rendered":"Parceiro"},"content":{"rendered":"<p>Um parceiro \u00e9\u00a0a pessoa f\u00edsica ou jur\u00eddica que ajuda a Saravida mensalmente, sendo um mantenedor da institui\u00e7\u00e3o.<\/p>\n<p>O que eu devo fazer para ser um parceiro mantenedor?<\/p>\n<blockquote>\n<div class=\"box_galeria2\" style=\"color: #4466ff;\"><a style=\"color: #4e77c6;\" href=\"http:\/\/www.saravida.org.br\/site\/?tela=parceiro#cadastro\"><img loading=\"lazy\" decoding=\"async\" class=\"centralizado\" src=\"http:\/\/www.saravida.org.br\/site\/figuras\/ICONE_cadastro.png\" alt=\"Cadastre-se\" width=\"100\" height=\"100\" \/><\/a>1\u00ba Cadastre-se preenchendo o formul\u00e1rio de Mantenedor.<\/div>\n<div class=\"box_galeria2\" style=\"color: #4466ff;\"><a style=\"color: #4e77c6;\" href=\"http:\/\/www.saravida.org.br\/site\/?tela=parceiro#cadastro\"><img loading=\"lazy\" decoding=\"async\" class=\"centralizado\" src=\"http:\/\/www.saravida.org.br\/site\/figuras\/ICONE_correios.png\" alt=\"Cadastre-se\" width=\"100\" height=\"100\" \/><\/a>2\u00ba Um carn\u00ea ser\u00e1 entregue em sua casa, pelos correios.<\/div>\n<div class=\"box_galeria2\" style=\"color: #4466ff;\"><a style=\"color: #4e77c6;\" href=\"http:\/\/www.saravida.org.br\/site\/?tela=parceiro#cadastro\"><img loading=\"lazy\" decoding=\"async\" class=\"centralizado\" src=\"http:\/\/www.saravida.org.br\/site\/figuras\/ICONE_banco.png\" alt=\"Cadastre-se\" width=\"100\" height=\"100\" \/><\/a>3\u00ba Realize seu pagamento em qualquer banco, loteria ou representante banc\u00e1rio.<\/div>\n<\/blockquote>\n<p style=\"color: #666666;\">Se deseja ser um parceiro da Saravida preencha o formul\u00e1rio abaixo e aguarde o nosso contato.<\/p>\n<p style=\"color: #666666;\">[contact-form-7 id=&#8221;214&#8243; title=&#8221;Parceiro&#8221;]<\/p>\n","protected":false},"excerpt":{"rendered":"<p>Um parceiro \u00e9\u00a0a pessoa f\u00edsica ou jur\u00eddica que ajuda a Saravida mensalmente, sendo um mantenedor da institui\u00e7\u00e3o. O que eu devo fazer para ser um parceiro mantenedor? 1\u00ba Cadastre-se preenchendo o formul\u00e1rio de Mantenedor. 2\u00ba Um carn\u00ea ser\u00e1 entregue em sua casa, pelos correios. 3\u00ba Realize seu pagamento em qualquer banco, loteria ou representante banc\u00e1rio.<a href=\"http:\/\/5.189.177.133\/index.php\/quero-ajudar\/quero-ser-um-parceiro\/\" class=\"read-more\">Read More &#8230;<\/a><\/p>\n","protected":false},"author":1,"featured_media":0,"parent":92,"menu_order":0,"comment_status":"closed","ping_status":"closed","template":"","meta":{"_kadence_starter_templates_imported_post":false,"footnotes":""},"class_list":["post-80","page","type-page","status-publish","hentry"],"_links":{"self":[{"href":"http:\/\/5.189.177.133\/index.php\/wp-json\/wp\/v2\/pages\/80","targetHints":{"allow":["GET"]}}],"collection":[{"href":"http:\/\/5.189.177.133\/index.php\/wp-json\/wp\/v2\/pages"}],"about":[{"href":"http:\/\/5.189.177.133\/index.php\/wp-json\/wp\/v2\/types\/page"}],"author":[{"embeddable":true,"href":"http:\/\/5.189.177.133\/index.php\/wp-json\/wp\/v2\/users\/1"}],"replies":[{"embeddable":true,"href":"http:\/\/5.189.177.133\/index.php\/wp-json\/wp\/v2\/comments?post=80"}],"version-history":[{"count":0,"href":"http:\/\/5.189.177.133\/index.php\/wp-json\/wp\/v2\/pages\/80\/revisions"}],"up":[{"embeddable":true,"href":"http:\/\/5.189.177.133\/index.php\/wp-json\/wp\/v2\/pages\/92"}],"wp:attachment":[{"href":"http:\/\/5.189.177.133\/index.php\/wp-json\/wp\/v2\/media?parent=80"}],"curies":[{"name":"wp","href":"https:\/\/api.w.org\/{rel}","templated":true}]}}