{"id":8709,"date":"2025-01-20T21:58:51","date_gmt":"2025-01-21T00:58:51","guid":{"rendered":"https:\/\/saravida.org.br\/?page_id=8709"},"modified":"2025-01-20T21:58:51","modified_gmt":"2025-01-21T00:58:51","slug":"transforme-vidas-seja-um-voluntario-na-saravida","status":"publish","type":"page","link":"http:\/\/5.189.177.133\/index.php\/transforme-vidas-seja-um-voluntario-na-saravida\/","title":{"rendered":"Transforme Vidas: Seja um Volunt\u00e1rio na Saravida"},"content":{"rendered":"<p><img loading=\"lazy\" decoding=\"async\" width=\"146\" height=\"51\" src=\"http:\/\/5.189.177.133\/wp-content\/uploads\/2024\/12\/Saravida_Logo.webp\" alt=\"\" \/>\t\t\t\t\t\t\t\t\t\t\t\t\t\t\t<\/p>\n<ul>\n<li>\n\t\t\t\t\t\t\t\t\t\t\t<a href=\"https:\/\/saravida.org.br\/\"><br \/>\n\t\t\t\t\t\t\t\t\t\t\tIn\u00edcio<br \/>\n\t\t\t\t\t\t\t\t\t\t\t<\/a>\n\t\t\t\t\t\t\t\t\t<\/li>\n<li>\n\t\t\t\t\t\t\t\t\t\t\t<a href=\"https:\/\/saravida.org.br\/loja\/\"><br \/>\n\t\t\t\t\t\t\t\t\t\t\tLoja<br \/>\n\t\t\t\t\t\t\t\t\t\t\t<\/a>\n\t\t\t\t\t\t\t\t\t<\/li>\n<li>\n\t\t\t\t\t\t\t\t\t\t\t<a href=\"#origem\"><br \/>\n\t\t\t\t\t\t\t\t\t\t\tInstitucional<br \/>\n\t\t\t\t\t\t\t\t\t\t\t<\/a>\n\t\t\t\t\t\t\t\t\t<\/li>\n<li>\n\t\t\t\t\t\t\t\t\t\t\t<a href=\"https:\/\/saravida.org.br\/category\/noticias\/\"><br \/>\n\t\t\t\t\t\t\t\t\t\t\tNot\u00edcias<br \/>\n\t\t\t\t\t\t\t\t\t\t\t<\/a>\n\t\t\t\t\t\t\t\t\t<\/li>\n<li>\n\t\t\t\t\t\t\t\t\t\t\t<a href=\"https:\/\/saravida.org.br\/voluntario\/\"><br \/>\n\t\t\t\t\t\t\t\t\t\t\tVolunt\u00e1rios<br \/>\n\t\t\t\t\t\t\t\t\t\t\t<\/a>\n\t\t\t\t\t\t\t\t\t<\/li>\n<li>\n\t\t\t\t\t\t\t\t\t\t\t<a href=\"https:\/\/saravida.org.br\/contato\/\"><br \/>\n\t\t\t\t\t\t\t\t\t\t\tContato<br \/>\n\t\t\t\t\t\t\t\t\t\t\t<\/a>\n\t\t\t\t\t\t\t\t\t<\/li>\n<\/ul>\n<p>\t\t\t\t\t<a href=\"https:\/\/api.whatsapp.com\/send?phone=5581989180058&#038;text=Ol%C3%A1%2C%20acessei%20o%20Whatsapp%20pelo%20site%20da%20Saravida%2C%20quero%20saber%20um%20pouco%20mais.\" target=\"_blank\" rel=\"nofollow\" arial-label=\"Contato do site\"><br \/>\n\t\t\t\t<svg aria-hidden=\"true\" viewBox=\"0 0 448 512\" xmlns=\"http:\/\/www.w3.org\/2000\/svg\"><path d=\"M380.9 97.1C339 55.1 283.2 32 223.9 32c-122.4 0-222 99.6-222 222 0 39.1 10.2 77.3 29.6 111L0 480l117.7-30.9c32.4 17.7 68.9 27 106.1 27h.1c122.3 0 224.1-99.6 224.1-222 0-59.3-25.2-115-67.1-157zm-157 341.6c-33.2 0-65.7-8.9-94-25.7l-6.7-4-69.8 18.3L72 359.2l-4.4-7c-18.5-29.4-28.2-63.3-28.2-98.2 0-101.7 82.8-184.5 184.6-184.5 49.3 0 95.6 19.2 130.4 54.1 34.8 34.9 56.2 81.2 56.1 130.5 0 101.8-84.9 184.6-186.6 184.6zm101.2-138.2c-5.5-2.8-32.8-16.2-37.9-18-5.1-1.9-8.8-2.8-12.5 2.8-3.7 5.6-14.3 18-17.6 21.8-3.2 3.7-6.5 4.2-12 1.4-32.6-16.3-54-29.1-75.5-66-5.7-9.8 5.7-9.1 16.3-30.3 1.8-3.7.9-6.9-.5-9.7-1.4-2.8-12.5-30.1-17.1-41.2-4.5-10.8-9.1-9.3-12.5-9.5-3.2-.2-6.9-.2-10.6-.2-3.7 0-9.7 1.4-14.8 6.9-5.1 5.6-19.4 19-19.4 46.3 0 27.3 19.9 53.7 22.6 57.4 2.8 3.7 39.1 59.7 94.8 83.8 35.2 15.2 49 16.5 66.6 13.9 10.7-1.6 32.8-13.4 37.4-26.4 4.6-13 4.6-24.1 3.2-26.4-1.3-2.5-5-3.9-10.5-6.6z\"><\/path><\/svg><br \/>\n\t\t\t\t\t\t\t\t\tWhatsApp<br \/>\n\t\t\t\t\t<\/a><br \/>\n\t\t\t\t\t<a href=\"https:\/\/saravida.org.br\/quero-ajudar\/doe\/\" rel=\"nofollow\" arial-label=\"Contato do site\"><br \/>\n\t\t\t\t\t\t\t\t\tDoe Agora<br \/>\n\t\t\t\t\t<\/a><\/p>\n<h3>Documentos e Relat\u00f3rios Institucionais<\/h3>\n<p>Confira os relat\u00f3rios anuais e de impacto que refletem nosso compromisso com a transpar\u00eancia.<\/p>\n<link rel='stylesheet' id='wp-block-library-css' href='https:\/\/saravida.org.br\/wp-includes\/css\/dist\/block-library\/style.min.css?ver=6.7.1' media='all' \/>\n<style id=\"jet-form-builder-8720-inline-css\"><\/style>\n<form  action=\"https:\/\/saravida.org.br\/?jet_form_builder_submit=submit&amp;method=reload\" method=\"POST\" data-form-id=\"8720\" data-layout=\"row\" enctype=\"multipart\/form-data\" data-clear=\"1\" novalidate=\"null\">\n<input type=\"hidden\" name=\"_jfb_current_render_states[]\" value=\"DEFAULT.STATE\" data-jfb-sync \/><input type=\"hidden\" name=\"_jet_engine_booking_form_id\" data-field-name=\"_jet_engine_booking_form_id\" value=\"8720\"><br \/>\n<input type=\"hidden\" name=\"_jet_engine_refer\" data-field-name=\"_jet_engine_refer\" value=\"https:\/\/saravida.org.br\/\"><br \/>\n<input type=\"hidden\" name=\"__queried_post_id\" data-field-name=\"__queried_post_id\" value=\"8709\"><br \/>\n\t\t\t1<br \/>\n\t\t\t2<br \/>\n\t\t\tLast Page<\/p>\n<h5>Voc\u00ea est\u00e1 registrando como Pessoa F\u00edsica<\/h5>\n<p>\t\t\t\t<input placeholder=\"Informe seu nome\" required=\"required\" name=\"nome_completo\" id=\"nome_completo\" type=\"text\" data-field-name=\"nome_completo\" data-jfb-sync=\"null\"><br \/>\n\t\t\t\t<input placeholder=\"Seu sobrenome\" required=\"required\" name=\"sobrenome\" id=\"sobrenome\" type=\"text\" data-field-name=\"sobrenome\" data-jfb-sync=\"null\"><br \/>\n\t\t\t\t<input placeholder=\"WhatsApp para contato\" required=\"required\" name=\"whatsapp\" id=\"whatsapp\" type=\"tel\" data-field-name=\"whatsapp\" data-jfb-sync=\"null\" data-inputmask=\"&#039;mask&#039;: &#039;(99) 9.9999-9999&#039;\" data-inputmask-placeholder=\"*\" data-inputmask-showmaskonhover=\"false\"><br \/>\n\t\t\t\t<input placeholder=\"Seu melhor email\" required=\"required\" name=\"email\" id=\"email\" type=\"email\" data-field-name=\"email\" data-jfb-sync=\"null\"><br \/>\n\t\t\t\t\t<button type=\"button\">Continuar<\/button><\/p>\n<h5>Endere\u00e7o<\/h5>\n<p>\t<select required=\"required\" name=\"estado\" data-field-name=\"estado\" id=\"estado\" data-jfb-sync=\"null\"><option value=\"\" disabled selected>Informe o estado<\/option><option value=\"AC\" >Acre (AC)<\/option><option value=\"AL\" >Alagoas (AL)<\/option><option value=\"AP\" >Amap\u00e1 (AP)<\/option><option value=\"AM\" >Amazonas (AM)<\/option><option value=\"BA\" >Bahia (BA)<\/option><option value=\"CE\" >Cear\u00e1 (CE)<\/option><option value=\"DF\" >Distrito Federal (DF)<\/option><option value=\"ES\" >Esp\u00edrito Santo (ES)<\/option><option value=\"GO\" >Goi\u00e1s (GO)<\/option><option value=\"MA\" >Maranh\u00e3o (MA)<\/option><option value=\"MT\" >Mato Grosso (MT)<\/option><option value=\"MS\" >Mato Grosso do Sul (MS)<\/option><option value=\"MG\" >Minas Gerais (MG)<\/option><option value=\"PA\" >Par\u00e1 (PA)<\/option><option value=\"PB\" >Para\u00edba (PB)<\/option><option value=\"PR\" >Paran\u00e1 (PR)<\/option><option value=\"PE\" >Pernambuco (PE)<\/option><option value=\"PI\" >Piau\u00ed (PI)<\/option><option value=\"RJ\" >Rio de Janeiro (RJ)<\/option><option value=\"RN\" >Rio Grande do Norte (RN)<\/option><option value=\"RS\" >Rio Grande do Sul (RS)<\/option><option value=\"RO\" >Rond\u00f4nia (RO)<\/option><option value=\"RR\" >Roraima (RR)<\/option><option value=\"SC\" >Santa Catarina (SC)<\/option><option value=\"SP\" >S\u00e3o Paulo (SP)<\/option><option value=\"SE\" >Sergipe (SE)<\/option><option value=\"TO\" >Tocantins (TO)<\/option><\/select><br \/>\n\t\t\t\t<input placeholder=\"Cidade\" required=\"required\" name=\"cidade\" id=\"cidade\" type=\"text\" data-field-name=\"cidade\" data-jfb-sync=\"null\"><br \/>\n\t\t\t\t<input placeholder=\"Rua\/Avenida\" required=\"required\" name=\"endereco\" id=\"endereco\" type=\"text\" data-field-name=\"endereco\" data-jfb-sync=\"null\"><br \/>\n\t\t\t\t<input placeholder=\"N\u00famero\" required=\"required\" name=\"numero\" id=\"numero\" type=\"text\" data-field-name=\"numero\" data-jfb-sync=\"null\"><br \/>\n\t\t\t\t<input placeholder=\"CEP\" required=\"required\" name=\"cep\" id=\"cep\" type=\"text\" data-field-name=\"cep\" data-jfb-sync=\"null\" data-inputmask=\"&#039;mask&#039;: &#039;99999-999&#039;\" data-inputmask-placeholder=\"*\" data-inputmask-showmaskonhover=\"false\"><br \/>\n\t\t\t\t<input placeholder=\"Complemento\" name=\"complemento\" id=\"complemento\" type=\"text\" data-field-name=\"complemento\" data-jfb-sync=\"null\"><br \/>\n\t<button type=\"submit\">Enviar<\/button><\/p>\n<\/form>\n","protected":false},"excerpt":{"rendered":"<p>In\u00edcio Loja Institucional Not\u00edcias Volunt\u00e1rios Contato WhatsApp Doe Agora Documentos e Relat\u00f3rios Institucionais Confira os relat\u00f3rios anuais e de impacto que refletem nosso compromisso com a transpar\u00eancia. 1 2 Last Page Voc\u00ea est\u00e1 registrando como Pessoa F\u00edsica Continuar Endere\u00e7o Informe o estadoAcre (AC)Alagoas (AL)Amap\u00e1 (AP)Amazonas (AM)Bahia (BA)Cear\u00e1 (CE)Distrito Federal (DF)Esp\u00edrito Santo (ES)Goi\u00e1s (GO)Maranh\u00e3o (MA)Mato Grosso<a href=\"http:\/\/5.189.177.133\/index.php\/transforme-vidas-seja-um-voluntario-na-saravida\/\" class=\"read-more\">Read More &#8230;<\/a><\/p>\n","protected":false},"author":1,"featured_media":0,"parent":0,"menu_order":0,"comment_status":"closed","ping_status":"closed","template":"elementor_canvas","meta":{"_kadence_starter_templates_imported_post":false,"footnotes":""},"class_list":["post-8709","page","type-page","status-publish","hentry"],"_links":{"self":[{"href":"http:\/\/5.189.177.133\/index.php\/wp-json\/wp\/v2\/pages\/8709","targetHints":{"allow":["GET"]}}],"collection":[{"href":"http:\/\/5.189.177.133\/index.php\/wp-json\/wp\/v2\/pages"}],"about":[{"href":"http:\/\/5.189.177.133\/index.php\/wp-json\/wp\/v2\/types\/page"}],"author":[{"embeddable":true,"href":"http:\/\/5.189.177.133\/index.php\/wp-json\/wp\/v2\/users\/1"}],"replies":[{"embeddable":true,"href":"http:\/\/5.189.177.133\/index.php\/wp-json\/wp\/v2\/comments?post=8709"}],"version-history":[{"count":0,"href":"http:\/\/5.189.177.133\/index.php\/wp-json\/wp\/v2\/pages\/8709\/revisions"}],"wp:attachment":[{"href":"http:\/\/5.189.177.133\/index.php\/wp-json\/wp\/v2\/media?parent=8709"}],"curies":[{"name":"wp","href":"https:\/\/api.w.org\/{rel}","templated":true}]}}