{"id":8761,"date":"2025-02-22T17:58:40","date_gmt":"2025-02-22T20:58:40","guid":{"rendered":"https:\/\/saravida.org.br\/?page_id=8761"},"modified":"2025-02-22T17:58:40","modified_gmt":"2025-02-22T20:58:40","slug":"rede-mais-vida","status":"publish","type":"page","link":"http:\/\/5.189.177.133\/index.php\/rede-mais-vida\/","title":{"rendered":"Rede mais vida"},"content":{"rendered":"<h2>Aqui ficar\u00e1 carrosseis dos programas ou de eventos, cruzadas<\/h2>\n<h3>Nossos Locutores<\/h3>\n<p>A equipe de ouro do r\u00e1dio pernambucano est\u00e1 na Rede Mais Vida\n<\/p>\n<p>\t\t[locutores colunas=&#8221;6&#8243;]<br \/>\n[radio-mais-vida]\t\t<\/p>\n<h3>Nossos Programas<\/h3>\n<p>A equipe de ouro do r\u00e1dio pernambucano est\u00e1 na Rede Mais Vida\n<\/p>\n<p>\t\t[Programas-Radio colunas=&#8221;6&#8243;]<\/p>\n","protected":false},"excerpt":{"rendered":"<p>Aqui ficar\u00e1 carrosseis dos programas ou de eventos, cruzadas Nossos Locutores A equipe de ouro do r\u00e1dio pernambucano est\u00e1 na Rede Mais Vida [locutores colunas=&#8221;6&#8243;] [radio-mais-vida] Nossos Programas A equipe de ouro do r\u00e1dio pernambucano est\u00e1 na Rede Mais Vida [Programas-Radio colunas=&#8221;6&#8243;]<\/p>\n","protected":false},"author":1,"featured_media":0,"parent":0,"menu_order":0,"comment_status":"closed","ping_status":"closed","template":"elementor_canvas","meta":{"_kadence_starter_templates_imported_post":false,"footnotes":""},"class_list":["post-8761","page","type-page","status-publish","hentry"],"_links":{"self":[{"href":"http:\/\/5.189.177.133\/index.php\/wp-json\/wp\/v2\/pages\/8761","targetHints":{"allow":["GET"]}}],"collection":[{"href":"http:\/\/5.189.177.133\/index.php\/wp-json\/wp\/v2\/pages"}],"about":[{"href":"http:\/\/5.189.177.133\/index.php\/wp-json\/wp\/v2\/types\/page"}],"author":[{"embeddable":true,"href":"http:\/\/5.189.177.133\/index.php\/wp-json\/wp\/v2\/users\/1"}],"replies":[{"embeddable":true,"href":"http:\/\/5.189.177.133\/index.php\/wp-json\/wp\/v2\/comments?post=8761"}],"version-history":[{"count":0,"href":"http:\/\/5.189.177.133\/index.php\/wp-json\/wp\/v2\/pages\/8761\/revisions"}],"wp:attachment":[{"href":"http:\/\/5.189.177.133\/index.php\/wp-json\/wp\/v2\/media?parent=8761"}],"curies":[{"name":"wp","href":"https:\/\/api.w.org\/{rel}","templated":true}]}}