{"id":92,"date":"2014-05-28T06:34:32","date_gmt":"2014-05-28T06:34:32","guid":{"rendered":"http:\/\/saravida.org.br\/portal\/?page_id=92"},"modified":"2014-05-28T06:34:32","modified_gmt":"2014-05-28T06:34:32","slug":"quero-ajudar","status":"publish","type":"page","link":"http:\/\/5.189.177.133\/index.php\/quero-ajudar\/","title":{"rendered":"Quero ajudar"},"content":{"rendered":"<div class=\"direita box_azul marg_interna\">\n<h1><span style=\"color: #808080;\">Voc\u00ea pode contribuir de v\u00e1rias formas<\/span><\/h1>\n<p>&nbsp;<\/p>\n<h2>Para dep\u00f3sito em conta corrente<\/h2>\n<p><img loading=\"lazy\" decoding=\"async\" class=\"alignleft\" src=\"http:\/\/www.saravida.org.br\/site\/figuras\/ICONE_doacoes_bb.png\" alt=\" \" width=\"118\" height=\"123\" \/>Sociedade Assistencial Saravida<br \/>\nCNPJ 05.818.105\/0001-76<\/p>\n<p>Banco do Brasil<br \/>\nBanco: 001<br \/>\nAg\u00eancia: 0007-8<br \/>\nConta Corrente: 9.200-2<\/p>\n<\/div>\n<h1 style=\"font-weight: lighter; color: #4466ff;\"><\/h1>\n<h2><\/h2>\n<p>&nbsp;<\/p>\n<h2>Doa\u00e7\u00e3o on Line (Cart\u00e3o de Cr\u00e9dito, Boleto ou transfer\u00eancia)<\/h2>\n<p><!-- INICIO FORMULARIO BOTAO PAGSEGURO --><\/p>\n<form target=\"pagseguro\" action=\"https:\/\/pagseguro.uol.com.br\/checkout\/doacao.jhtml\" method=\"post\">\n<p>\n      <input type=\"hidden\" name=\"email_cobranca\" value=\"contato@saravida.com.br\" \/><br \/>\n      <input type=\"hidden\" name=\"moeda\" value=\"BRL\" \/><br \/>\n      Clique no bot&atilde;o para doa&ccedil;&atilde;o on line atrav&eacute;s boleto, cart&atilde;o ou d&eacute;bito em conta.<br \/>\n      <input type=\"image\" src=\"https:\/\/p.simg.uol.com.br\/out\/pagseguro\/i\/botoes\/doacoes\/120x53-doar-laranja.gif\" name=\"submit\" alt=\"Pague com PagSeguro - \u00e9 r\u00e1pido, gr\u00e1tis e seguro!\" \/><br \/>\n      <\/p><\/form>\n<p>  <!-- FINAL FORMULARIO BOTAO PAGSEGURO --><br \/>\nPara sua comodidade a Saravida est\u00e1 disponibilizando v\u00e1rias formas de doa\u00e7\u00e3o:<\/p>\n<p>Cart\u00e3o decr\u00e9dito;<\/p>\n<ul>\n<li><img loading=\"lazy\" decoding=\"async\" class=\"alignright\" src=\"http:\/\/www.saravida.org.br\/site\/figuras\/banner_formas_de_doacao.png\" alt=\"Este site aceita pagamentos com Visa, MasterCard, Diners, American Express, Hipercard, Aura, Bradesco, Ita\u00fa, Banco do Brasil, Banrisul, saldo em conta PagSeguro e boleto.\" width=\"390\" height=\"100\" \/>\n<ul>\n<li>Visa, Master, Diners, American Express, Hipercard, Aura.<\/li>\n<\/ul>\n<\/li>\n<\/ul>\n<ul>\n<li>D\u00e9bito em Conta Corrente;\n<ul>\n<li>Bradesco, Ita\u00fa, Banco do Brasil, Banrisul.<\/li>\n<\/ul>\n<\/li>\n<\/ul>\n<ul>\n<li>Boleto Banc\u00e1rio.<\/li>\n<\/ul>\n<p>&nbsp;<\/p>\n<div class=\"direita box marg_interna\">\n<h2><span style=\"color: #ffcc00;\">Seguran\u00e7a<\/span><\/h2>\n<p><img loading=\"lazy\" decoding=\"async\" class=\"alignleft size-full wp-image-77\" src=\"http:\/\/5.189.177.133\/wp-content\/uploads\/2014\/05\/ICONE_cadeado-1.png\" alt=\"ICONE_cadeado\" width=\"95\" height=\"95\" \/><\/p>\n<p style=\"color: #fff;\">Voc\u00ea ser\u00e1 transferido para uma \u00e1rea segura onde os dados informados ser\u00e3o enviados criptografados para sua maior seguran\u00e7a, a Saravida n\u00e3o armazena seu cart\u00e3o de cr\u00e9dito em nosso banco de dados, ele \u00e9 enviados diretamente para a administradora do cart\u00e3o.<\/p>\n<p>&nbsp;<\/p>\n<\/div>\n","protected":false},"excerpt":{"rendered":"<p>Voc\u00ea pode contribuir de v\u00e1rias formas &nbsp; Para dep\u00f3sito em conta corrente Sociedade Assistencial Saravida CNPJ 05.818.105\/0001-76 Banco do Brasil Banco: 001 Ag\u00eancia: 0007-8 Conta Corrente: 9.200-2 &nbsp; Doa\u00e7\u00e3o on Line (Cart\u00e3o de Cr\u00e9dito, Boleto ou transfer\u00eancia) Clique no bot&atilde;o para doa&ccedil;&atilde;o on line atrav&eacute;s boleto, cart&atilde;o ou d&eacute;bito em conta. Para sua comodidade a<a href=\"http:\/\/5.189.177.133\/index.php\/quero-ajudar\/\" class=\"read-more\">Read More &#8230;<\/a><\/p>\n","protected":false},"author":1,"featured_media":0,"parent":0,"menu_order":0,"comment_status":"closed","ping_status":"closed","template":"","meta":{"_kadence_starter_templates_imported_post":false,"footnotes":""},"class_list":["post-92","page","type-page","status-publish","hentry"],"_links":{"self":[{"href":"http:\/\/5.189.177.133\/index.php\/wp-json\/wp\/v2\/pages\/92","targetHints":{"allow":["GET"]}}],"collection":[{"href":"http:\/\/5.189.177.133\/index.php\/wp-json\/wp\/v2\/pages"}],"about":[{"href":"http:\/\/5.189.177.133\/index.php\/wp-json\/wp\/v2\/types\/page"}],"author":[{"embeddable":true,"href":"http:\/\/5.189.177.133\/index.php\/wp-json\/wp\/v2\/users\/1"}],"replies":[{"embeddable":true,"href":"http:\/\/5.189.177.133\/index.php\/wp-json\/wp\/v2\/comments?post=92"}],"version-history":[{"count":0,"href":"http:\/\/5.189.177.133\/index.php\/wp-json\/wp\/v2\/pages\/92\/revisions"}],"wp:attachment":[{"href":"http:\/\/5.189.177.133\/index.php\/wp-json\/wp\/v2\/media?parent=92"}],"curies":[{"name":"wp","href":"https:\/\/api.w.org\/{rel}","templated":true}]}}